{"id":1849,"date":"2024-09-09T10:12:23","date_gmt":"2024-09-09T03:12:23","guid":{"rendered":"https:\/\/sis-vi.com\/?page_id=1849"},"modified":"2024-09-20T11:35:21","modified_gmt":"2024-09-20T04:35:21","slug":"o-to","status":"publish","type":"page","link":"https:\/\/sis-vi.com\/en\/giai-phap\/nganh-cong-nghiep\/o-to\/","title":{"rendered":"Automotive"},"content":{"rendered":"<div data-elementor-type=\"wp-page\" data-elementor-id=\"1849\" class=\"elementor elementor-1849\">\n\t\t\t\t\t\t<section class=\"elementor-section elementor-top-section elementor-element elementor-element-5688da7 elementor-section-stretched elementor-section-boxed elementor-section-height-default elementor-section-height-default\" data-id=\"5688da7\" data-element_type=\"section\" data-settings=\"{&quot;stretch_section&quot;:&quot;section-stretched&quot;,&quot;background_background&quot;:&quot;classic&quot;}\">\n\t\t\t\t\t\t<div class=\"elementor-container elementor-column-gap-default\">\n\t\t\t\t\t<div class=\"elementor-column elementor-col-33 elementor-top-column elementor-element elementor-element-4d919334\" data-id=\"4d919334\" data-element_type=\"column\">\n\t\t\t<div class=\"elementor-widget-wrap elementor-element-populated\">\n\t\t\t\t\t\t<div class=\"elementor-element elementor-element-41aa250c elementor-widget elementor-widget-featured_content\" data-id=\"41aa250c\" data-element_type=\"widget\" data-widget_type=\"featured_content.default\">\n\t\t\t\t<div class=\"elementor-widget-container\">\n\t\t\t<div class='featured featured-image featured-has-link featured-has-icon featured-has-content'><div class='featured-header'><a target='_self' href='\/en\/kiem-tra-phan-loai-lop\/'><img alt='Ki\u1ec3m tra, ph\u00e2n lo\u1ea1i l\u1ed1p' src='https:\/\/sis-vi.com\/wp-content\/uploads\/2024\/09\/tire-and-wheel-systems.jpg'\/><\/a><\/div><div class='featured-content'><h3 class='featured-title text-uppercase'><a target='_self' href='\/en\/kiem-tra-phan-loai-lop\/'><i class='fas fa-arrow-right'><\/i>Tire inspection and sorting<\/a><\/h3><p class='featured-desc'><p>H\u1ec7 th\u1ed1ng l\u1ed1p v\u00e0 b\u00e1nh xe<br \/>C\u00e1c gi\u1ea3i ph\u00e1p l\u1ed1p xe Ch\u00fang t\u00f4i cung c\u1ea5p kh\u1ea3 n\u0103ng nh\u1eadn d\u1ea1ng b\u00e1nh xe m\u1ea1nh m\u1ebd, t\u1ed1c \u0111\u1ed9 cao b\u1eb1ng c\u00e1ch s\u1eed d\u1ee5ng c\u00e1c thu\u1eadt to\u00e1n \u0111\u1ecdc m\u00e3 \u0111\u1ed9c quy\u1ec1n c\u00f3 kh\u1ea3 n\u0103ng \u0111\u1ecbnh v\u1ecb m\u00e3 m\u1ed9t c\u00e1ch \u0111\u00e1ng tin c\u1eady b\u1ea5t ch\u1ea5p c\u00e1c nh\u00e0 s\u1ea3n xu\u1ea5t ng\u1eabu nhi\u00ean \u0111\u1ec3...<\/p><\/p><a class='btn btn-md btn-minimal' target='_self' href='\/en\/kiem-tra-phan-loai-lop\/'>Read more<\/a><a href='https:\/\/sis-vi.com\/wp-content\/uploads\/2024\/09\/tire-and-wheel-systems.jpg' class='featured-lightbox-link'><i class='fa fa-image'><\/i><\/a><\/div><\/div>\t\t<\/div>\n\t\t\t\t<\/div>\n\t\t\t\t<div class=\"elementor-element elementor-element-41016e66 elementor-widget elementor-widget-featured_content\" data-id=\"41016e66\" data-element_type=\"widget\" data-widget_type=\"featured_content.default\">\n\t\t\t\t<div class=\"elementor-widget-container\">\n\t\t\t<div class='featured featured-image featured-has-link featured-has-icon featured-has-content'><div class='featured-header'><a target='_self' href='\/en\/he-thong-khung-gam\/'><img alt='H\u1ec6 TH\u1ed0NG KHUNG G\u1ea6M' src='https:\/\/sis-vi.com\/wp-content\/uploads\/2024\/09\/Chassis-systems.jpg'\/><\/a><\/div><div class='featured-content'><h3 class='featured-title text-uppercase'><a target='_self' href='\/en\/he-thong-khung-gam\/'><i class='fas fa-arrow-right'><\/i>H\u1ec6 TH\u1ed0NG KHUNG G\u1ea6M<\/a><\/h3><p class='featured-desc'><p>H\u1ec7 th\u1ed1ng quan s\u00e1t 3D c\u1ee7a ch\u00fang t\u00f4i \u0111\u01b0\u1ee3c l\u1eafp c\u1ed1 \u0111\u1ecbnh ho\u1eb7c tr\u00ean r\u00f4-b\u1ed1t c\u00f3 kh\u1ea3 n\u0103ng \u0111o kho\u1ea3ng c\u00e1ch v\u00e0 \u0111\u1ed9 ph\u1eb3ng c\u1ee7a m\u1ecdi toa xe v\u1edbi \u0111\u1ed9 ch\u00ednh x\u00e1c cao v\u00e0 cung c\u1ea5p kh\u1ea3 n\u0103ng ki\u1ec3m tra to\u00e0n di\u1ec7n...<\/p><\/p><a class='btn btn-md btn-minimal' target='_self' href='\/en\/he-thong-khung-gam\/'>Read more<\/a><a href='https:\/\/sis-vi.com\/wp-content\/uploads\/2024\/09\/Chassis-systems.jpg' class='featured-lightbox-link'><i class='fa fa-image'><\/i><\/a><\/div><\/div>\t\t<\/div>\n\t\t\t\t<\/div>\n\t\t\t\t<div class=\"elementor-element elementor-element-e240819 elementor-widget elementor-widget-spacer\" data-id=\"e240819\" data-element_type=\"widget\" data-widget_type=\"spacer.default\">\n\t\t\t\t<div class=\"elementor-widget-container\">\n\t\t\t<style>\/*! elementor - v3.20.0 - 10-04-2024 *\/\n.elementor-column .elementor-spacer-inner{height:var(--spacer-size)}.e-con{--container-widget-width:100%}.e-con-inner>.elementor-widget-spacer,.e-con>.elementor-widget-spacer{width:var(--container-widget-width,var(--spacer-size));--align-self:var(--container-widget-align-self,initial);--flex-shrink:0}.e-con-inner>.elementor-widget-spacer>.elementor-widget-container,.e-con>.elementor-widget-spacer>.elementor-widget-container{height:100%;width:100%}.e-con-inner>.elementor-widget-spacer>.elementor-widget-container>.elementor-spacer,.e-con>.elementor-widget-spacer>.elementor-widget-container>.elementor-spacer{height:100%}.e-con-inner>.elementor-widget-spacer>.elementor-widget-container>.elementor-spacer>.elementor-spacer-inner,.e-con>.elementor-widget-spacer>.elementor-widget-container>.elementor-spacer>.elementor-spacer-inner{height:var(--container-widget-height,var(--spacer-size))}.e-con-inner>.elementor-widget-spacer.elementor-widget-empty,.e-con>.elementor-widget-spacer.elementor-widget-empty{position:relative;min-height:22px;min-width:22px}.e-con-inner>.elementor-widget-spacer.elementor-widget-empty .elementor-widget-empty-icon,.e-con>.elementor-widget-spacer.elementor-widget-empty .elementor-widget-empty-icon{position:absolute;top:0;bottom:0;left:0;right:0;margin:auto;padding:0;width:22px;height:22px}<\/style>\t\t<div class=\"elementor-spacer\">\n\t\t\t<div class=\"elementor-spacer-inner\"><\/div>\n\t\t<\/div>\n\t\t\t\t<\/div>\n\t\t\t\t<\/div>\n\t\t\t\t\t<\/div>\n\t\t<\/div>\n\t\t\t\t<div class=\"elementor-column elementor-col-33 elementor-top-column elementor-element elementor-element-7a0a6b12\" data-id=\"7a0a6b12\" data-element_type=\"column\">\n\t\t\t<div class=\"elementor-widget-wrap elementor-element-populated\">\n\t\t\t\t\t\t<div class=\"elementor-element elementor-element-2d6e9c62 elementor-widget elementor-widget-featured_content\" data-id=\"2d6e9c62\" data-element_type=\"widget\" data-widget_type=\"featured_content.default\">\n\t\t\t\t<div class=\"elementor-widget-container\">\n\t\t\t<div class='featured featured-has-link featured-has-icon featured-has-content'><div class='featured-header'><a target='_self' href='\/en\/he-truyen-dong\/'><img alt='H\u1ec7 truy\u1ec1n \u0111\u1ed9ng' src='https:\/\/sis-vi.com\/wp-content\/uploads\/2024\/09\/Engine-block-traceability.jpg'\/><\/a><\/div><div class='featured-content'><h3 class='featured-title text-uppercase'><a target='_self' href='\/en\/he-truyen-dong\/'><i class='fas fa-arrow-right'><\/i>Powertrain<\/a><\/h3><p class='featured-desc'><p>H\u1ec7 th\u1ed1ng quan s\u00e1t S-Vision x\u00e1c nh\u1eadn s\u1ef1 hi\u1ec7n di\u1ec7n c\u1ee7a c\u00e1c th\u00e0nh ph\u1ea7n truy\u1ec1n \u0111\u1ed9ng quan tr\u1ecdng nh\u01b0 b\u1ed9 ly h\u1ee3p, gi\u00e1 \u0111\u1ee1, kh\u1edbp n\u1ed1i v\u1eadn t\u1ed1c kh\u00f4ng \u0111\u1ed5i, th\u00e2n van, piston, ph\u1edbt v\u00e0 v\u00f2ng ch\u1eb7n...<\/p><\/p><a class='btn btn-md btn-minimal' target='_self' href='\/en\/he-truyen-dong\/'>Read more<\/a><\/div><\/div>\t\t<\/div>\n\t\t\t\t<\/div>\n\t\t\t\t<div class=\"elementor-element elementor-element-4ef9eb0b elementor-widget elementor-widget-spacer\" data-id=\"4ef9eb0b\" data-element_type=\"widget\" data-widget_type=\"spacer.default\">\n\t\t\t\t<div class=\"elementor-widget-container\">\n\t\t\t\t\t<div class=\"elementor-spacer\">\n\t\t\t<div class=\"elementor-spacer-inner\"><\/div>\n\t\t<\/div>\n\t\t\t\t<\/div>\n\t\t\t\t<\/div>\n\t\t\t\t<div class=\"elementor-element elementor-element-54583cac elementor-widget elementor-widget-featured_content\" data-id=\"54583cac\" data-element_type=\"widget\" data-widget_type=\"featured_content.default\">\n\t\t\t\t<div class=\"elementor-widget-container\">\n\t\t\t<div class='featured featured-image featured-has-link featured-has-icon featured-has-content'><div class='featured-header'><a target='_self' href='\/en\/lap-rap\/'><img alt='L\u1eafp r\u00e1p' src='https:\/\/sis-vi.com\/wp-content\/uploads\/2024\/04\/frontpage-image5.jpg'\/><\/a><\/div><div class='featured-content'><h3 class='featured-title text-uppercase'><a target='_self' href='\/en\/lap-rap\/'><i class='fas fa-arrow-right'><\/i>Auto body assembly<\/a><\/h3><p class='featured-desc'><p>Lorem ipsum dolor sit amet, consectetur adipiscing elit. Mauris convallis bibendum odio, vel suscipit justo finibus.<\/p><\/p><a class='btn btn-md btn-minimal' target='_self' href='\/en\/lap-rap\/'>Read more<\/a><a href='https:\/\/sis-vi.com\/wp-content\/uploads\/2024\/04\/frontpage-image5.jpg' class='featured-lightbox-link'><i class='fa fa-image'><\/i><\/a><\/div><\/div>\t\t<\/div>\n\t\t\t\t<\/div>\n\t\t\t\t\t<\/div>\n\t\t<\/div>\n\t\t\t\t<div class=\"elementor-column elementor-col-33 elementor-top-column elementor-element elementor-element-e957687\" data-id=\"e957687\" data-element_type=\"column\">\n\t\t\t<div class=\"elementor-widget-wrap elementor-element-populated\">\n\t\t\t\t\t\t<div class=\"elementor-element elementor-element-78d1e01 elementor-widget elementor-widget-featured_content\" data-id=\"78d1e01\" data-element_type=\"widget\" data-widget_type=\"featured_content.default\">\n\t\t\t\t<div class=\"elementor-widget-container\">\n\t\t\t<div class='featured featured-image featured-has-link featured-has-icon featured-has-content'><div class='featured-header'><a target='_self' href='\/en\/he-an-toan\/'><img alt='H\u1ec7 an to\u00e0n' src='https:\/\/sis-vi.com\/wp-content\/uploads\/2024\/09\/safety-systems.jpg'\/><\/a><\/div><div class='featured-content'><h3 class='featured-title text-uppercase'><a target='_self' href='\/en\/he-an-toan\/'><i class='fas fa-arrow-right'><\/i>Brake and safety systems<\/a><\/h3><p class='featured-desc'><p>M\u00e1y \u0111\u1ecdc m\u00e3 v\u1ea1ch d\u1ef1a tr\u00ean h\u00ecnh \u1ea3nh v\u00e0 h\u1ec7 th\u1ed1ng th\u1ecb gi\u00e1c gi\u00fap c\u00e1c nh\u00e0 s\u1ea3n xu\u1ea5t \u00f4 t\u00f4 ki\u1ec3m so\u00e1t kh\u1ea3 n\u0103ng truy xu\u1ea5t ngu\u1ed3n g\u1ed1c c\u1ee7a c\u00e1c c\u1ee5m l\u1eafp r\u00e1p cu\u1ed1i c\u00f9ng v\u00e0 c\u1ea3i thi\u1ec7n ch\u1ea5t l\u01b0\u1ee3ng s\u1ea3n ph\u1ea9m b\u1eb1ng c\u00e1ch th\u1ef1c hi\u1ec7n c\u00e1c cu\u1ed9c ki\u1ec3m tra t\u1ef1 \u0111\u1ed9ng \u0111\u1ec3 \u0111\u00e1p \u1ee9ng...<\/p><\/p><a class='btn btn-md btn-minimal' target='_self' href='\/en\/he-an-toan\/'>Read more<\/a><a href='https:\/\/sis-vi.com\/wp-content\/uploads\/2024\/09\/safety-systems.jpg' class='featured-lightbox-link'><i class='fa fa-image'><\/i><\/a><\/div><\/div>\t\t<\/div>\n\t\t\t\t<\/div>\n\t\t\t\t<div class=\"elementor-element elementor-element-7361fe5 elementor-widget elementor-widget-spacer\" data-id=\"7361fe5\" data-element_type=\"widget\" data-widget_type=\"spacer.default\">\n\t\t\t\t<div class=\"elementor-widget-container\">\n\t\t\t\t\t<div class=\"elementor-spacer\">\n\t\t\t<div class=\"elementor-spacer-inner\"><\/div>\n\t\t<\/div>\n\t\t\t\t<\/div>\n\t\t\t\t<\/div>\n\t\t\t\t\t<\/div>\n\t\t<\/div>\n\t\t\t\t\t<\/div>\n\t\t<\/section>\n\t\t\t\t<\/div>","protected":false},"excerpt":{"rendered":"<p>Ki\u1ec3m tra, ph\u00e2n lo\u1ea1i l\u1ed1p H\u1ec7 th\u1ed1ng l\u1ed1p v\u00e0 b\u00e1nh xeC\u00e1c gi\u1ea3i ph\u00e1p l\u1ed1p xe Ch\u00fang t\u00f4i cung c\u1ea5p kh\u1ea3 n\u0103ng nh\u1eadn d\u1ea1ng b\u00e1nh xe m\u1ea1nh m\u1ebd, t\u1ed1c \u0111\u1ed9 cao b\u1eb1ng c\u00e1ch s\u1eed d\u1ee5ng c\u00e1c thu\u1eadt to\u00e1n \u0111\u1ecdc m\u00e3 \u0111\u1ed9c &hellip;<\/p>","protected":false},"author":1,"featured_media":0,"parent":1844,"menu_order":0,"comment_status":"closed","ping_status":"closed","template":"","meta":{"footnotes":""},"class_list":["post-1849","page","type-page","status-publish","hentry"],"_links":{"self":[{"href":"https:\/\/sis-vi.com\/en\/wp-json\/wp\/v2\/pages\/1849","targetHints":{"allow":["GET"]}}],"collection":[{"href":"https:\/\/sis-vi.com\/en\/wp-json\/wp\/v2\/pages"}],"about":[{"href":"https:\/\/sis-vi.com\/en\/wp-json\/wp\/v2\/types\/page"}],"author":[{"embeddable":true,"href":"https:\/\/sis-vi.com\/en\/wp-json\/wp\/v2\/users\/1"}],"replies":[{"embeddable":true,"href":"https:\/\/sis-vi.com\/en\/wp-json\/wp\/v2\/comments?post=1849"}],"version-history":[{"count":39,"href":"https:\/\/sis-vi.com\/en\/wp-json\/wp\/v2\/pages\/1849\/revisions"}],"predecessor-version":[{"id":2373,"href":"https:\/\/sis-vi.com\/en\/wp-json\/wp\/v2\/pages\/1849\/revisions\/2373"}],"up":[{"embeddable":true,"href":"https:\/\/sis-vi.com\/en\/wp-json\/wp\/v2\/pages\/1844"}],"wp:attachment":[{"href":"https:\/\/sis-vi.com\/en\/wp-json\/wp\/v2\/media?parent=1849"}],"curies":[{"name":"wp","href":"https:\/\/api.w.org\/{rel}","templated":true}]}}