{"id":1858,"date":"2024-09-09T10:17:16","date_gmt":"2024-09-09T03:17:16","guid":{"rendered":"https:\/\/sis-vi.com\/?page_id=1858"},"modified":"2024-10-21T14:24:47","modified_gmt":"2024-10-21T07:24:47","slug":"logistics","status":"publish","type":"page","link":"https:\/\/sis-vi.com\/en\/giai-phap\/nganh-cong-nghiep\/logistics\/","title":{"rendered":"Logistics"},"content":{"rendered":"<div data-elementor-type=\"wp-page\" data-elementor-id=\"1858\" class=\"elementor elementor-1858\">\n\t\t\t\t\t\t<section class=\"elementor-section elementor-top-section elementor-element elementor-element-5688da7 elementor-section-stretched elementor-section-boxed elementor-section-height-default elementor-section-height-default\" data-id=\"5688da7\" data-element_type=\"section\" data-settings=\"{&quot;stretch_section&quot;:&quot;section-stretched&quot;,&quot;background_background&quot;:&quot;classic&quot;}\">\n\t\t\t\t\t\t<div class=\"elementor-container elementor-column-gap-default\">\n\t\t\t\t\t<div class=\"elementor-column elementor-col-33 elementor-top-column elementor-element elementor-element-4d919334\" data-id=\"4d919334\" data-element_type=\"column\">\n\t\t\t<div class=\"elementor-widget-wrap elementor-element-populated\">\n\t\t\t\t\t\t<div class=\"elementor-element elementor-element-41016e66 elementor-widget elementor-widget-featured_content\" data-id=\"41016e66\" data-element_type=\"widget\" data-widget_type=\"featured_content.default\">\n\t\t\t\t<div class=\"elementor-widget-container\">\n\t\t\t<div class='featured featured-image featured-has-link featured-has-icon featured-has-content'><div class='featured-header'><a target='_self' href='\/en\/retail-distribution\/'><img alt='Th\u1ef1c hi\u1ec7n \u0111\u01a1n h\u00e0ng' src='https:\/\/sis-vi.com\/wp-content\/uploads\/2024\/10\/Order-fulfillment.jpg'\/><\/a><\/div><div class='featured-content'><h3 class='featured-title text-uppercase'><a target='_self' href='\/en\/retail-distribution\/'><i class='far fa-sun'><\/i>Th\u1ef1c hi\u1ec7n \u0111\u01a1n h\u00e0ng<\/a><\/h3><p class='featured-desc'><p>C\u1ea3i thi\u1ec7n kh\u1ea3 n\u0103ng truy xu\u1ea5t ngu\u1ed3n g\u1ed1c, t\u0103ng \u0111\u1ed9 ch\u00ednh x\u00e1c c\u1ee7a \u0111\u01a1n h\u00e0ng, gi\u1ea3m x\u1eed l\u00fd th\u1ee7 c\u00f4ng v\u00e0 r\u00fat ng\u1eafn th\u1eddi gian chu k\u1ef3 \u0111\u1eb7t h\u00e0ng.<\/p><\/p><a class='btn btn-md btn-minimal' target='_self' href='\/en\/retail-distribution\/'>Read more<\/a><a href='https:\/\/sis-vi.com\/wp-content\/uploads\/2024\/10\/Order-fulfillment.jpg' class='featured-lightbox-link'><i class='fa fa-image'><\/i><\/a><\/div><\/div>\t\t<\/div>\n\t\t\t\t<\/div>\n\t\t\t\t<div class=\"elementor-element elementor-element-420228a elementor-widget elementor-widget-featured_content\" data-id=\"420228a\" data-element_type=\"widget\" data-widget_type=\"featured_content.default\">\n\t\t\t\t<div class=\"elementor-widget-container\">\n\t\t\t<div class='featured featured-image featured-has-link featured-has-icon featured-has-content'><div class='featured-header'><a target='_self' href='\/en\/retail-distribution\/'><img alt='S\u1eafp x\u1ebfp' src='https:\/\/sis-vi.com\/wp-content\/uploads\/2024\/10\/sap-xep.jpg'\/><\/a><\/div><div class='featured-content'><h3 class='featured-title text-uppercase'><a target='_self' href='\/en\/retail-distribution\/'><i class='far fa-sun'><\/i>S\u1eafp x\u1ebfp<\/a><\/h3><p class='featured-desc'><p>\u0110\u1ea3m b\u1ea3o c\u00e1c g\u00f3i h\u00e0ng v\u00e0 b\u01b0u ki\u1ec7n \u0111\u01b0\u1ee3c s\u1eafp x\u1ebfp hi\u1ec7u qu\u1ea3 \u0111\u1ed3ng th\u1eddi tr\u00e1nh thi\u1ec7t h\u1ea1i v\u00e0 duy tr\u00ec kh\u1ea3 n\u0103ng truy xu\u1ea5t ngu\u1ed3n g\u1ed1c th\u00f4ng qua h\u1ec7 th\u1ed1ng<\/p><\/p><a class='btn btn-md btn-minimal' target='_self' href='\/en\/retail-distribution\/'>Read more<\/a><a href='https:\/\/sis-vi.com\/wp-content\/uploads\/2024\/10\/sap-xep.jpg' class='featured-lightbox-link'><i class='fa fa-image'><\/i><\/a><\/div><\/div>\t\t<\/div>\n\t\t\t\t<\/div>\n\t\t\t\t<div class=\"elementor-element elementor-element-e240819 elementor-widget elementor-widget-spacer\" data-id=\"e240819\" data-element_type=\"widget\" data-widget_type=\"spacer.default\">\n\t\t\t\t<div class=\"elementor-widget-container\">\n\t\t\t<style>\/*! elementor - v3.20.0 - 10-04-2024 *\/\n.elementor-column .elementor-spacer-inner{height:var(--spacer-size)}.e-con{--container-widget-width:100%}.e-con-inner>.elementor-widget-spacer,.e-con>.elementor-widget-spacer{width:var(--container-widget-width,var(--spacer-size));--align-self:var(--container-widget-align-self,initial);--flex-shrink:0}.e-con-inner>.elementor-widget-spacer>.elementor-widget-container,.e-con>.elementor-widget-spacer>.elementor-widget-container{height:100%;width:100%}.e-con-inner>.elementor-widget-spacer>.elementor-widget-container>.elementor-spacer,.e-con>.elementor-widget-spacer>.elementor-widget-container>.elementor-spacer{height:100%}.e-con-inner>.elementor-widget-spacer>.elementor-widget-container>.elementor-spacer>.elementor-spacer-inner,.e-con>.elementor-widget-spacer>.elementor-widget-container>.elementor-spacer>.elementor-spacer-inner{height:var(--container-widget-height,var(--spacer-size))}.e-con-inner>.elementor-widget-spacer.elementor-widget-empty,.e-con>.elementor-widget-spacer.elementor-widget-empty{position:relative;min-height:22px;min-width:22px}.e-con-inner>.elementor-widget-spacer.elementor-widget-empty .elementor-widget-empty-icon,.e-con>.elementor-widget-spacer.elementor-widget-empty .elementor-widget-empty-icon{position:absolute;top:0;bottom:0;left:0;right:0;margin:auto;padding:0;width:22px;height:22px}<\/style>\t\t<div class=\"elementor-spacer\">\n\t\t\t<div class=\"elementor-spacer-inner\"><\/div>\n\t\t<\/div>\n\t\t\t\t<\/div>\n\t\t\t\t<\/div>\n\t\t\t\t\t<\/div>\n\t\t<\/div>\n\t\t\t\t<div class=\"elementor-column elementor-col-33 elementor-top-column elementor-element elementor-element-7a0a6b12\" data-id=\"7a0a6b12\" data-element_type=\"column\">\n\t\t\t<div class=\"elementor-widget-wrap elementor-element-populated\">\n\t\t\t\t\t\t<div class=\"elementor-element elementor-element-fa8d24f elementor-widget elementor-widget-featured_content\" data-id=\"fa8d24f\" data-element_type=\"widget\" data-widget_type=\"featured_content.default\">\n\t\t\t\t<div class=\"elementor-widget-container\">\n\t\t\t<div class='featured featured-image featured-has-link featured-has-icon featured-has-content'><div class='featured-header'><a target='_self' href='\/en\/retail-distribution\/'><img alt='Inbound Logistics' src='https:\/\/sis-vi.com\/wp-content\/uploads\/2024\/09\/Inbound.jpg'\/><\/a><\/div><div class='featured-content'><h3 class='featured-title text-uppercase'><a target='_self' href='\/en\/retail-distribution\/'><i class='far fa-sun'><\/i>Inbound Logistics<\/a><\/h3><p class='featured-desc'><p>Qu\u00e9t, theo d\u00f5i v\u00e0 ph\u00e2n lo\u1ea1i c\u00e1c s\u1ea3n ph\u1ea9m v\u00e0 g\u00f3i h\u00e0ng \u0111\u1ea7u v\u00e0o \u0111\u1ec3 t\u1ed1i \u01b0u h\u00f3a c\u00e1c quy tr\u00ecnh qu\u1ea3n l\u00fd.<\/p><\/p><a class='btn btn-md btn-minimal' target='_self' href='\/en\/retail-distribution\/'>Read more<\/a><a href='https:\/\/sis-vi.com\/wp-content\/uploads\/2024\/09\/Inbound.jpg' class='featured-lightbox-link'><i class='fa fa-image'><\/i><\/a><\/div><\/div>\t\t<\/div>\n\t\t\t\t<\/div>\n\t\t\t\t\t<\/div>\n\t\t<\/div>\n\t\t\t\t<div class=\"elementor-column elementor-col-33 elementor-top-column elementor-element elementor-element-e957687\" data-id=\"e957687\" data-element_type=\"column\">\n\t\t\t<div class=\"elementor-widget-wrap elementor-element-populated\">\n\t\t\t\t\t\t<div class=\"elementor-element elementor-element-9435821 elementor-widget elementor-widget-featured_content\" data-id=\"9435821\" data-element_type=\"widget\" data-widget_type=\"featured_content.default\">\n\t\t\t\t<div class=\"elementor-widget-container\">\n\t\t\t<div class='featured featured-image featured-has-link featured-has-icon featured-has-content'><div class='featured-header'><a target='_self' href='\/en\/retail-distribution\/'><img alt='Outbound Logistics' src='https:\/\/sis-vi.com\/wp-content\/uploads\/2024\/10\/Outbound.jpg'\/><\/a><\/div><div class='featured-content'><h3 class='featured-title text-uppercase'><a target='_self' href='\/en\/retail-distribution\/'><i class='far fa-sun'><\/i>Outbound Logistics<\/a><\/h3><p class='featured-desc'><p>C\u1ea3i thi\u1ec7n kh\u1ea3 n\u0103ng truy xu\u1ea5t ngu\u1ed3n g\u1ed1c t\u1ed5ng th\u1ec3, t\u0103ng hi\u1ec7u qu\u1ea3 v\u00e0 gi\u1ea3m chi ph\u00ed li\u00ean quan \u0111\u1ebfn c\u00e1c quy tr\u00ecnh g\u1eedi \u0111i<\/p><\/p><a class='btn btn-md btn-minimal' target='_self' href='\/en\/retail-distribution\/'>Read more<\/a><a href='https:\/\/sis-vi.com\/wp-content\/uploads\/2024\/10\/Outbound.jpg' class='featured-lightbox-link'><i class='fa fa-image'><\/i><\/a><\/div><\/div>\t\t<\/div>\n\t\t\t\t<\/div>\n\t\t\t\t\t<\/div>\n\t\t<\/div>\n\t\t\t\t\t<\/div>\n\t\t<\/section>\n\t\t\t\t<\/div>","protected":false},"excerpt":{"rendered":"<p>Th\u1ef1c hi\u1ec7n \u0111\u01a1n h\u00e0ng C\u1ea3i thi\u1ec7n kh\u1ea3 n\u0103ng truy xu\u1ea5t ngu\u1ed3n g\u1ed1c, t\u0103ng \u0111\u1ed9 ch\u00ednh x\u00e1c c\u1ee7a \u0111\u01a1n h\u00e0ng, gi\u1ea3m x\u1eed l\u00fd th\u1ee7 c\u00f4ng v\u00e0 r\u00fat ng\u1eafn th\u1eddi gian chu k\u1ef3 \u0111\u1eb7t h\u00e0ng. \u0110\u1ecdc th\u00eam S\u1eafp x\u1ebfp \u0110\u1ea3m b\u1ea3o c\u00e1c &hellip;<\/p>","protected":false},"author":1,"featured_media":0,"parent":1844,"menu_order":0,"comment_status":"closed","ping_status":"closed","template":"","meta":{"footnotes":""},"class_list":["post-1858","page","type-page","status-publish","hentry"],"_links":{"self":[{"href":"https:\/\/sis-vi.com\/en\/wp-json\/wp\/v2\/pages\/1858","targetHints":{"allow":["GET"]}}],"collection":[{"href":"https:\/\/sis-vi.com\/en\/wp-json\/wp\/v2\/pages"}],"about":[{"href":"https:\/\/sis-vi.com\/en\/wp-json\/wp\/v2\/types\/page"}],"author":[{"embeddable":true,"href":"https:\/\/sis-vi.com\/en\/wp-json\/wp\/v2\/users\/1"}],"replies":[{"embeddable":true,"href":"https:\/\/sis-vi.com\/en\/wp-json\/wp\/v2\/comments?post=1858"}],"version-history":[{"count":67,"href":"https:\/\/sis-vi.com\/en\/wp-json\/wp\/v2\/pages\/1858\/revisions"}],"predecessor-version":[{"id":2721,"href":"https:\/\/sis-vi.com\/en\/wp-json\/wp\/v2\/pages\/1858\/revisions\/2721"}],"up":[{"embeddable":true,"href":"https:\/\/sis-vi.com\/en\/wp-json\/wp\/v2\/pages\/1844"}],"wp:attachment":[{"href":"https:\/\/sis-vi.com\/en\/wp-json\/wp\/v2\/media?parent=1858"}],"curies":[{"name":"wp","href":"https:\/\/api.w.org\/{rel}","templated":true}]}}