{"id":1863,"date":"2024-09-09T10:20:48","date_gmt":"2024-09-09T03:20:48","guid":{"rendered":"https:\/\/sis-vi.com\/?page_id=1863"},"modified":"2024-09-20T11:15:16","modified_gmt":"2024-09-20T04:15:16","slug":"dien-dien-tu","status":"publish","type":"page","link":"https:\/\/sis-vi.com\/en\/giai-phap\/nganh-cong-nghiep\/dien-dien-tu\/","title":{"rendered":"Electronics"},"content":{"rendered":"<div data-elementor-type=\"wp-page\" data-elementor-id=\"1863\" class=\"elementor elementor-1863\">\n\t\t\t\t\t\t<section class=\"elementor-section elementor-top-section elementor-element elementor-element-5688da7 elementor-section-stretched elementor-section-boxed elementor-section-height-default elementor-section-height-default\" data-id=\"5688da7\" data-element_type=\"section\" data-settings=\"{&quot;stretch_section&quot;:&quot;section-stretched&quot;,&quot;background_background&quot;:&quot;classic&quot;}\">\n\t\t\t\t\t\t<div class=\"elementor-container elementor-column-gap-default\">\n\t\t\t\t\t<div class=\"elementor-column elementor-col-33 elementor-top-column elementor-element elementor-element-4d919334\" data-id=\"4d919334\" data-element_type=\"column\">\n\t\t\t<div class=\"elementor-widget-wrap elementor-element-populated\">\n\t\t\t\t\t\t<div class=\"elementor-element elementor-element-41016e66 elementor-widget elementor-widget-featured_content\" data-id=\"41016e66\" data-element_type=\"widget\" data-widget_type=\"featured_content.default\">\n\t\t\t\t<div class=\"elementor-widget-container\">\n\t\t\t<div class='featured featured-image featured-has-link featured-has-icon featured-has-content'><div class='featured-header'><a target='_self' href='\/en\/lap-rap\/'><img alt='L\u1eaeP R\u00c1P PCB' src='https:\/\/sis-vi.com\/wp-content\/uploads\/2024\/09\/PCB-Assembly.jpg'\/><\/a><\/div><div class='featured-content'><h3 class='featured-title text-uppercase'><a target='_self' href='\/en\/lap-rap\/'><i class='fas fa-chart-area'><\/i>L\u1eaeP R\u00c1P PCB<\/a><\/h3><p class='featured-desc'><p>C\u00f4ng ngh\u1ec7 S-vision ki\u1ec3m tra b\u1ea3ng m\u1ea1ch in (PCB) \u0111\u1ec3 bi\u1ebft s\u1ed1 l\u01b0\u1ee3ng, k\u00edch th\u01b0\u1edbc v\u00e0 v\u1ecb tr\u00ed th\u00edch h\u1ee3p c\u1ee7a c\u00e1c th\u00e0nh ph\u1ea7<\/p><\/p><a class='btn btn-md btn-minimal' target='_self' href='\/en\/lap-rap\/'>Read more<\/a><a href='https:\/\/sis-vi.com\/wp-content\/uploads\/2024\/09\/PCB-Assembly.jpg' class='featured-lightbox-link'><i class='fa fa-image'><\/i><\/a><\/div><\/div>\t\t<\/div>\n\t\t\t\t<\/div>\n\t\t\t\t<div class=\"elementor-element elementor-element-e240819 elementor-widget elementor-widget-spacer\" data-id=\"e240819\" data-element_type=\"widget\" data-widget_type=\"spacer.default\">\n\t\t\t\t<div class=\"elementor-widget-container\">\n\t\t\t<style>\/*! elementor - v3.20.0 - 10-04-2024 *\/\n.elementor-column .elementor-spacer-inner{height:var(--spacer-size)}.e-con{--container-widget-width:100%}.e-con-inner>.elementor-widget-spacer,.e-con>.elementor-widget-spacer{width:var(--container-widget-width,var(--spacer-size));--align-self:var(--container-widget-align-self,initial);--flex-shrink:0}.e-con-inner>.elementor-widget-spacer>.elementor-widget-container,.e-con>.elementor-widget-spacer>.elementor-widget-container{height:100%;width:100%}.e-con-inner>.elementor-widget-spacer>.elementor-widget-container>.elementor-spacer,.e-con>.elementor-widget-spacer>.elementor-widget-container>.elementor-spacer{height:100%}.e-con-inner>.elementor-widget-spacer>.elementor-widget-container>.elementor-spacer>.elementor-spacer-inner,.e-con>.elementor-widget-spacer>.elementor-widget-container>.elementor-spacer>.elementor-spacer-inner{height:var(--container-widget-height,var(--spacer-size))}.e-con-inner>.elementor-widget-spacer.elementor-widget-empty,.e-con>.elementor-widget-spacer.elementor-widget-empty{position:relative;min-height:22px;min-width:22px}.e-con-inner>.elementor-widget-spacer.elementor-widget-empty .elementor-widget-empty-icon,.e-con>.elementor-widget-spacer.elementor-widget-empty .elementor-widget-empty-icon{position:absolute;top:0;bottom:0;left:0;right:0;margin:auto;padding:0;width:22px;height:22px}<\/style>\t\t<div class=\"elementor-spacer\">\n\t\t\t<div class=\"elementor-spacer-inner\"><\/div>\n\t\t<\/div>\n\t\t\t\t<\/div>\n\t\t\t\t<\/div>\n\t\t\t\t\t<\/div>\n\t\t<\/div>\n\t\t\t\t<div class=\"elementor-column elementor-col-33 elementor-top-column elementor-element elementor-element-7a0a6b12\" data-id=\"7a0a6b12\" data-element_type=\"column\">\n\t\t\t<div class=\"elementor-widget-wrap elementor-element-populated\">\n\t\t\t\t\t\t<div class=\"elementor-element elementor-element-2d6e9c62 elementor-widget elementor-widget-featured_content\" data-id=\"2d6e9c62\" data-element_type=\"widget\" data-widget_type=\"featured_content.default\">\n\t\t\t\t<div class=\"elementor-widget-container\">\n\t\t\t<div class='featured featured-has-link featured-has-icon featured-has-content'><div class='featured-header'><a target='_self' href='\/en\/phu-kien\/'><img alt='S\u1ea2N XU\u1ea4T LED' src='https:\/\/sis-vi.com\/wp-content\/uploads\/2024\/09\/LED-Manufacturing-Gateway.jpg'\/><\/a><\/div><div class='featured-content'><h3 class='featured-title text-uppercase'><a target='_self' href='\/en\/phu-kien\/'><i class='far fa-sun'><\/i>S\u1ea2N XU\u1ea4T LED<\/a><\/h3><p class='featured-desc'><p>C\u00e1c nh\u00e0 s\u1ea3n xu\u1ea5t linh ki\u1ec7n LED tin t\u01b0\u1edfng c\u00e1c gi\u1ea3i S-Vision \u0111\u1ec3 c\u0103n ch\u1ec9nh nhanh ch\u00f3ng v\u00e0 ch\u00ednh x\u00e1c, ph\u00e1t hi\u1ec7n l\u1ed7i v\u00e0 c\u00e1c \u1ee9ng d\u1ee5ng truy xu\u1ea5t ngu\u1ed3n g\u1ed1c.<\/p><\/p><a class='btn btn-md btn-minimal' target='_self' href='\/en\/phu-kien\/'>Read more<\/a><\/div><\/div>\t\t<\/div>\n\t\t\t\t<\/div>\n\t\t\t\t<div class=\"elementor-element elementor-element-4ef9eb0b elementor-widget elementor-widget-spacer\" data-id=\"4ef9eb0b\" data-element_type=\"widget\" data-widget_type=\"spacer.default\">\n\t\t\t\t<div class=\"elementor-widget-container\">\n\t\t\t\t\t<div class=\"elementor-spacer\">\n\t\t\t<div class=\"elementor-spacer-inner\"><\/div>\n\t\t<\/div>\n\t\t\t\t<\/div>\n\t\t\t\t<\/div>\n\t\t\t\t\t<\/div>\n\t\t<\/div>\n\t\t\t\t<div class=\"elementor-column elementor-col-33 elementor-top-column elementor-element elementor-element-e957687\" data-id=\"e957687\" data-element_type=\"column\">\n\t\t\t<div class=\"elementor-widget-wrap elementor-element-populated\">\n\t\t\t\t\t\t<div class=\"elementor-element elementor-element-78d1e01 elementor-widget elementor-widget-featured_content\" data-id=\"78d1e01\" data-element_type=\"widget\" data-widget_type=\"featured_content.default\">\n\t\t\t\t<div class=\"elementor-widget-container\">\n\t\t\t<div class='featured featured-image featured-has-link featured-has-icon featured-has-content'><div class='featured-header'><a target='_self' href='\/en\/electronic-hardware\/'><img alt='Electronic Hardware' src='https:\/\/sis-vi.com\/wp-content\/uploads\/2024\/09\/Electronics-Hardware.jpg'\/><\/a><\/div><div class='featured-content'><h3 class='featured-title text-uppercase'><a target='_self' href='\/en\/electronic-hardware\/'><i class='fas fa-flask'><\/i>Electronic Hardware<\/a><\/h3><p class='featured-desc'><p>C\u00e1c nh\u00e0 s\u1ea3n xu\u1ea5t ph\u1ea7n c\u1ee9ng \u0111i\u1ec7n t\u1eed y\u00eau c\u1ea7u t\u0103ng c\u01b0\u1eddng s\u1ea3n xu\u1ea5t nhanh ch\u00f3ng v\u1edbi vi\u1ec7c chuy\u1ec3n \u0111\u1ed5i s\u1ea3n ph\u1ea9m nhanh ch\u00f3ng. Gi\u1ea3i ph\u00e1p c\u1ee7a ch\u00fang t\u00f4i gi\u00fap c\u00e1c nh\u00e0 s\u1ea3n xu\u1ea5t v\u00e0 nh\u00e0 cung c\u1ea5p thi\u1ebft b\u1ecb c\u1ee7a h\u1ecd c\u1ea3i thi\u1ec7n n\u0103ng su\u1ea5t s\u1ea3n xu\u1ea5t v\u00e0 gi\u1ea3m th\u1eddi gian ng\u1eebng ho\u1ea1t \u0111\u1ed9ng c\u1ee7a m\u00e1y b\u1eb1ng c\u00e1ch gi\u1ea3i quy\u1ebft c\u00e1c th\u00e1ch th\u1ee9c v\u1ec1 c\u0103n ch\u1ec9nh ch\u00ednh x\u00e1c ph\u1ed5 bi\u1ebfn, ki\u1ec3m tra 2D v\u00e0 3D v\u00e0 truy xu\u1ea5t ngu\u1ed3n g\u1ed1c.<\/p><p>\u00a0<\/p><\/p><a class='btn btn-md btn-minimal' target='_self' href='\/en\/electronic-hardware\/'>Read more<\/a><a href='https:\/\/sis-vi.com\/wp-content\/uploads\/2024\/09\/Electronics-Hardware.jpg' class='featured-lightbox-link'><i class='fa fa-image'><\/i><\/a><\/div><\/div>\t\t<\/div>\n\t\t\t\t<\/div>\n\t\t\t\t<div class=\"elementor-element elementor-element-7361fe5 elementor-widget elementor-widget-spacer\" data-id=\"7361fe5\" data-element_type=\"widget\" data-widget_type=\"spacer.default\">\n\t\t\t\t<div class=\"elementor-widget-container\">\n\t\t\t\t\t<div class=\"elementor-spacer\">\n\t\t\t<div class=\"elementor-spacer-inner\"><\/div>\n\t\t<\/div>\n\t\t\t\t<\/div>\n\t\t\t\t<\/div>\n\t\t\t\t\t<\/div>\n\t\t<\/div>\n\t\t\t\t\t<\/div>\n\t\t<\/section>\n\t\t\t\t<\/div>","protected":false},"excerpt":{"rendered":"<p>L\u1eaeP R\u00c1P PCB C\u00f4ng ngh\u1ec7 S-vision ki\u1ec3m tra b\u1ea3ng m\u1ea1ch in (PCB) \u0111\u1ec3 bi\u1ebft s\u1ed1 l\u01b0\u1ee3ng, k\u00edch th\u01b0\u1edbc v\u00e0 v\u1ecb tr\u00ed th\u00edch h\u1ee3p c\u1ee7a c\u00e1c th\u00e0nh ph\u1ea7 \u0110\u1ecdc th\u00eam S\u1ea2N XU\u1ea4T LED C\u00e1c nh\u00e0 s\u1ea3n xu\u1ea5t linh ki\u1ec7n LED tin &hellip;<\/p>","protected":false},"author":1,"featured_media":0,"parent":1844,"menu_order":0,"comment_status":"closed","ping_status":"closed","template":"","meta":{"footnotes":""},"class_list":["post-1863","page","type-page","status-publish","hentry"],"_links":{"self":[{"href":"https:\/\/sis-vi.com\/en\/wp-json\/wp\/v2\/pages\/1863","targetHints":{"allow":["GET"]}}],"collection":[{"href":"https:\/\/sis-vi.com\/en\/wp-json\/wp\/v2\/pages"}],"about":[{"href":"https:\/\/sis-vi.com\/en\/wp-json\/wp\/v2\/types\/page"}],"author":[{"embeddable":true,"href":"https:\/\/sis-vi.com\/en\/wp-json\/wp\/v2\/users\/1"}],"replies":[{"embeddable":true,"href":"https:\/\/sis-vi.com\/en\/wp-json\/wp\/v2\/comments?post=1863"}],"version-history":[{"count":29,"href":"https:\/\/sis-vi.com\/en\/wp-json\/wp\/v2\/pages\/1863\/revisions"}],"predecessor-version":[{"id":2348,"href":"https:\/\/sis-vi.com\/en\/wp-json\/wp\/v2\/pages\/1863\/revisions\/2348"}],"up":[{"embeddable":true,"href":"https:\/\/sis-vi.com\/en\/wp-json\/wp\/v2\/pages\/1844"}],"wp:attachment":[{"href":"https:\/\/sis-vi.com\/en\/wp-json\/wp\/v2\/media?parent=1863"}],"curies":[{"name":"wp","href":"https:\/\/api.w.org\/{rel}","templated":true}]}}