{"id":1878,"date":"2024-09-09T10:36:13","date_gmt":"2024-09-09T03:36:13","guid":{"rendered":"https:\/\/sis-vi.com\/?page_id=1878"},"modified":"2024-10-18T17:00:46","modified_gmt":"2024-10-18T10:00:46","slug":"chat-ban-dan","status":"publish","type":"page","link":"https:\/\/sis-vi.com\/en\/giai-phap\/nganh-cong-nghiep\/chat-ban-dan\/","title":{"rendered":"Semiconductor"},"content":{"rendered":"<div data-elementor-type=\"wp-page\" data-elementor-id=\"1878\" class=\"elementor elementor-1878\">\n\t\t\t\t<div class=\"elementor-element elementor-element-6feb64fe e-con-full e-flex e-con e-parent\" data-id=\"6feb64fe\" data-element_type=\"container\" data-core-v316-plus=\"true\">\n\t\t<div class=\"elementor-element elementor-element-169ead4c e-con-full e-flex e-con e-child\" data-id=\"169ead4c\" data-element_type=\"container\" data-settings=\"{&quot;background_background&quot;:&quot;slideshow&quot;,&quot;background_slideshow_gallery&quot;:[{&quot;id&quot;:2672,&quot;url&quot;:&quot;https:\\\/\\\/sis-vi.com\\\/wp-content\\\/uploads\\\/2024\\\/10\\\/chat-ban-dan-la-gi-tam-quan-trong-trong-linh-vuc-cong-nghe-thumb.png&quot;},{&quot;id&quot;:2673,&quot;url&quot;:&quot;https:\\\/\\\/sis-vi.com\\\/wp-content\\\/uploads\\\/2024\\\/10\\\/OIP.jpg&quot;}],&quot;background_slideshow_loop&quot;:&quot;yes&quot;,&quot;background_slideshow_slide_duration&quot;:5000,&quot;background_slideshow_slide_transition&quot;:&quot;fade&quot;,&quot;background_slideshow_transition_duration&quot;:500}\">\n\t\t\t\t<\/div>\n\t\t<div class=\"elementor-element elementor-element-39c5dd1b e-con-full e-flex e-con e-child\" data-id=\"39c5dd1b\" data-element_type=\"container\" data-settings=\"{&quot;background_background&quot;:&quot;classic&quot;}\">\n\t\t\t\t<div class=\"elementor-element elementor-element-7e8c664 elementor-widget elementor-widget-heading\" data-id=\"7e8c664\" data-element_type=\"widget\" data-widget_type=\"heading.default\">\n\t\t\t\t<div class=\"elementor-widget-container\">\n\t\t\t<style>\/*! elementor - v3.20.0 - 10-04-2024 *\/\n.elementor-heading-title{padding:0;margin:0;line-height:1}.elementor-widget-heading .elementor-heading-title[class*=elementor-size-]>a{color:inherit;font-size:inherit;line-height:inherit}.elementor-widget-heading .elementor-heading-title.elementor-size-small{font-size:15px}.elementor-widget-heading .elementor-heading-title.elementor-size-medium{font-size:19px}.elementor-widget-heading .elementor-heading-title.elementor-size-large{font-size:29px}.elementor-widget-heading .elementor-heading-title.elementor-size-xl{font-size:39px}.elementor-widget-heading .elementor-heading-title.elementor-size-xxl{font-size:59px}<\/style><h3 class='heading-left'  style=\"color:#9AA8BAFC\"><span>\u0110\u1ea1t \u0111\u01b0\u1ee3c k\u1ebft qu\u1ea3 ch\u1ebf t\u1ea1o ch\u1ea5t l\u01b0\u1ee3ng cao, hi\u1ec7u qu\u1ea3 v\u1ec1 chi ph\u00ed, kh\u00f4ng c\u00f3 khuy\u1ebft t\u1eadt v\u00e0 \u0111\u01b0\u1ee3c s\u1ea3n xu\u1ea5t theo thi\u1ebft k\u1ebf<\/span><\/h3>\t\t<\/div>\n\t\t\t\t<\/div>\n\t\t\t\t<div class=\"elementor-element elementor-element-f6bd0d0 elementor-widget elementor-widget-text-editor\" data-id=\"f6bd0d0\" data-element_type=\"widget\" data-widget_type=\"text-editor.default\">\n\t\t\t\t<div class=\"elementor-widget-container\">\n\t\t\t<style>\/*! elementor - v3.20.0 - 10-04-2024 *\/\n.elementor-widget-text-editor.elementor-drop-cap-view-stacked .elementor-drop-cap{background-color:#69727d;color:#fff}.elementor-widget-text-editor.elementor-drop-cap-view-framed .elementor-drop-cap{color:#69727d;border:3px solid;background-color:transparent}.elementor-widget-text-editor:not(.elementor-drop-cap-view-default) .elementor-drop-cap{margin-top:8px}.elementor-widget-text-editor:not(.elementor-drop-cap-view-default) .elementor-drop-cap-letter{width:1em;height:1em}.elementor-widget-text-editor .elementor-drop-cap{float:left;text-align:center;line-height:1;font-size:50px}.elementor-widget-text-editor .elementor-drop-cap-letter{display:inline-block}<\/style>\t\t\t\t<p>Ng\u00e0y nay, ch\u1ea5t b\u00e1n d\u1eabn kh\u00f4ng th\u1ec3 \u0111\u01b0\u1ee3c s\u1ea3n xu\u1ea5t m\u00e0 kh\u00f4ng s\u1eed d\u1ee5ng th\u1ecb gi\u00e1c m\u00e1y. Th\u1ecb gi\u00e1c m\u00e1y \u0111\u00e3 gi\u00fap \u0111\u1ea1t \u0111\u01b0\u1ee3c m\u1eadt \u0111\u1ed9 trong c\u00e1c m\u1ea1ch t\u00edch h\u1ee3p ng\u00e0y nay v\u00e0 s\u1ea3n xu\u1ea5t ch\u00fang m\u1ed9t c\u00e1ch hi\u1ec7u qu\u1ea3 v\u1ec1 chi ph\u00ed. C\u00e1c nh\u00e0 s\u1ea3n xu\u1ea5t ch\u1ea5t b\u00e1n d\u1eabn d\u1ef1a v\u00e0o th\u1ecb gi\u00e1c m\u00e1y Cognex v\u00e0 c\u00f4ng ngh\u1ec7 d\u1ef1a tr\u00ean AI \u0111\u1ec3 \u0111\u1ea3m b\u1ea3o c\u0103n ch\u1ec9nh ch\u00ednh x\u00e1c c\u00e1c t\u1ea5m wafer trong qu\u00e1 tr\u00ecnh che v\u00e0 kh\u1eafc, t\u0103ng kh\u1ea3 n\u0103ng truy xu\u1ea5t ngu\u1ed3n g\u1ed1c c\u1ee7a t\u1ea5m wafer v\u00e0 khu\u00f4n khi ch\u00fang di chuy\u1ec3n qua c\u00e1c quy tr\u00ecnh m\u1eb7t tr\u01b0\u1edbc v\u00e0 m\u1eb7t sau, \u0111\u1ed3ng th\u1eddi c\u1ea3i thi\u1ec7n ch\u1ea5t l\u01b0\u1ee3ng s\u1ea3n ph\u1ea9m th\u00f4ng qua c\u00e1c quy tr\u00ecnh ki\u1ec3m tra ti\u00ean ti\u1ebfn.<\/p>\t\t\t\t\t\t<\/div>\n\t\t\t\t<\/div>\n\t\t\t\t<div class=\"elementor-element elementor-element-4af3dac8 elementor-widget elementor-widget-button\" data-id=\"4af3dac8\" data-element_type=\"widget\" data-widget_type=\"button.default\">\n\t\t\t\t<div class=\"elementor-widget-container\">\n\t\t\t<a id=\"button-id-0\" target=\"_self\" href=\"https:\/\/sis-vi.com\/en\/lien-he\/\" class=\"btn\" style=\"\"><i class='fa fas fa-bars'><\/i> Y\u00eau c\u1ea7u t\u01b0 v\u1ea5n<\/a>\t\t<\/div>\n\t\t\t\t<\/div>\n\t\t\t\t<\/div>\n\t\t\t\t<\/div>\n\t\t<div class=\"elementor-element elementor-element-e72f7ef e-flex e-con-boxed e-con e-parent\" data-id=\"e72f7ef\" data-element_type=\"container\" data-core-v316-plus=\"true\">\n\t\t\t\t\t<div class=\"e-con-inner\">\n\t\t<div class=\"elementor-element elementor-element-570530a e-con-full e-flex e-con e-child\" data-id=\"570530a\" data-element_type=\"container\">\n\t\t\t\t<div class=\"elementor-element elementor-element-c8de92d elementor-widget elementor-widget-image\" data-id=\"c8de92d\" data-element_type=\"widget\" data-widget_type=\"image.default\">\n\t\t\t\t<div class=\"elementor-widget-container\">\n\t\t\t<style>\/*! elementor - v3.20.0 - 10-04-2024 *\/\n.elementor-widget-image{text-align:center}.elementor-widget-image a{display:inline-block}.elementor-widget-image a img[src$=\".svg\"]{width:48px}.elementor-widget-image img{vertical-align:middle;display:inline-block}<\/style>\t\t\t\t\t\t\t<figure class=\"wp-caption\">\n\t\t\t\t\t\t\t\t\t\t\t<a href=\"https:\/\/www.cognex.com\/industries\/electronics\/semiconductors\/integrated-circuit-lead-cosmetic-inspection\">\n\t\t\t\t\t\t\t<img fetchpriority=\"high\" decoding=\"async\" width=\"350\" height=\"250\" src=\"https:\/\/sis-vi.com\/wp-content\/uploads\/2024\/09\/IC-Lead-Cosmetic-Inspection.gif\" class=\"attachment-large size-large wp-image-2225\" alt=\"\" \/>\t\t\t\t\t\t\t\t<\/a>\n\t\t\t\t\t\t\t\t\t\t\t<figcaption class=\"widget-image-caption wp-caption-text\">Integrated Circuit Lead Cosmetic Inspection<\/figcaption>\n\t\t\t\t\t\t\t\t\t\t<\/figure>\n\t\t\t\t\t\t\t<\/div>\n\t\t\t\t<\/div>\n\t\t\t\t<\/div>\n\t\t<div class=\"elementor-element elementor-element-b81fa21 e-con-full e-flex e-con e-child\" data-id=\"b81fa21\" data-element_type=\"container\">\n\t\t\t\t<div class=\"elementor-element elementor-element-4543c58 elementor-widget elementor-widget-image\" data-id=\"4543c58\" data-element_type=\"widget\" data-widget_type=\"image.default\">\n\t\t\t\t<div class=\"elementor-widget-container\">\n\t\t\t\t\t\t\t\t\t\t<figure class=\"wp-caption\">\n\t\t\t\t\t\t\t\t\t\t\t<a href=\"https:\/\/www.cognex.com\/industries\/electronics\/semiconductors\/detecting-edge-chipping-after-dicing\">\n\t\t\t\t\t\t\t<img decoding=\"async\" width=\"350\" height=\"250\" src=\"https:\/\/sis-vi.com\/wp-content\/uploads\/2024\/09\/Detecting-edge-chipping.jpg\" class=\"attachment-large size-large wp-image-2226\" alt=\"\" srcset=\"https:\/\/sis-vi.com\/wp-content\/uploads\/2024\/09\/Detecting-edge-chipping.jpg 350w, https:\/\/sis-vi.com\/wp-content\/uploads\/2024\/09\/Detecting-edge-chipping-300x214.jpg 300w, https:\/\/sis-vi.com\/wp-content\/uploads\/2024\/09\/Detecting-edge-chipping-18x12.jpg 18w\" sizes=\"(max-width: 350px) 100vw, 350px\" \/>\t\t\t\t\t\t\t\t<\/a>\n\t\t\t\t\t\t\t\t\t\t\t<figcaption class=\"widget-image-caption wp-caption-text\">Detecting Edge Chipping and Burrs After Dicing<\/figcaption>\n\t\t\t\t\t\t\t\t\t\t<\/figure>\n\t\t\t\t\t\t\t<\/div>\n\t\t\t\t<\/div>\n\t\t\t\t<\/div>\n\t\t<div class=\"elementor-element elementor-element-d96f9a6 e-con-full e-flex e-con e-child\" data-id=\"d96f9a6\" data-element_type=\"container\">\n\t\t\t\t<div class=\"elementor-element elementor-element-2b7378f elementor-widget elementor-widget-image\" data-id=\"2b7378f\" data-element_type=\"widget\" data-widget_type=\"image.default\">\n\t\t\t\t<div class=\"elementor-widget-container\">\n\t\t\t\t\t\t\t\t\t\t<figure class=\"wp-caption\">\n\t\t\t\t\t\t\t\t\t\t\t<a href=\"https:\/\/www.cognex.com\/industries\/electronics\/semiconductors\/2d-code-reading-integrated-circuits\">\n\t\t\t\t\t\t\t<img decoding=\"async\" width=\"350\" height=\"250\" src=\"https:\/\/sis-vi.com\/wp-content\/uploads\/2024\/09\/multi-code-large-fov-reading.jpg\" class=\"attachment-large size-large wp-image-2227\" alt=\"\" srcset=\"https:\/\/sis-vi.com\/wp-content\/uploads\/2024\/09\/multi-code-large-fov-reading.jpg 350w, https:\/\/sis-vi.com\/wp-content\/uploads\/2024\/09\/multi-code-large-fov-reading-300x214.jpg 300w, https:\/\/sis-vi.com\/wp-content\/uploads\/2024\/09\/multi-code-large-fov-reading-18x12.jpg 18w\" sizes=\"(max-width: 350px) 100vw, 350px\" \/>\t\t\t\t\t\t\t\t<\/a>\n\t\t\t\t\t\t\t\t\t\t\t<figcaption class=\"widget-image-caption wp-caption-text\">2D Code Reading Integrated Circuits<\/figcaption>\n\t\t\t\t\t\t\t\t\t\t<\/figure>\n\t\t\t\t\t\t\t<\/div>\n\t\t\t\t<\/div>\n\t\t\t\t<\/div>\n\t\t<div class=\"elementor-element elementor-element-7d5dcc3 e-con-full e-flex e-con e-child\" data-id=\"7d5dcc3\" data-element_type=\"container\">\n\t\t\t\t<div class=\"elementor-element elementor-element-9b4b97c elementor-widget elementor-widget-image\" data-id=\"9b4b97c\" data-element_type=\"widget\" data-widget_type=\"image.default\">\n\t\t\t\t<div class=\"elementor-widget-container\">\n\t\t\t\t\t\t\t\t\t\t<figure class=\"wp-caption\">\n\t\t\t\t\t\t\t\t\t\t\t<a href=\"https:\/\/www.cognex.com\/industries\/electronics\/semiconductors\/ic-molding-cosmetic-defects-detection-classification\">\n\t\t\t\t\t\t\t<img loading=\"lazy\" decoding=\"async\" width=\"350\" height=\"250\" src=\"https:\/\/sis-vi.com\/wp-content\/uploads\/2024\/09\/IC-molding-defects.jpg\" class=\"attachment-large size-large wp-image-2228\" alt=\"\" srcset=\"https:\/\/sis-vi.com\/wp-content\/uploads\/2024\/09\/IC-molding-defects.jpg 350w, https:\/\/sis-vi.com\/wp-content\/uploads\/2024\/09\/IC-molding-defects-300x214.jpg 300w, https:\/\/sis-vi.com\/wp-content\/uploads\/2024\/09\/IC-molding-defects-18x12.jpg 18w\" sizes=\"(max-width: 350px) 100vw, 350px\" \/>\t\t\t\t\t\t\t\t<\/a>\n\t\t\t\t\t\t\t\t\t\t\t<figcaption class=\"widget-image-caption wp-caption-text\">IC Molding Cosmetic Defects Detection and Classification<\/figcaption>\n\t\t\t\t\t\t\t\t\t\t<\/figure>\n\t\t\t\t\t\t\t<\/div>\n\t\t\t\t<\/div>\n\t\t\t\t<\/div>\n\t\t\t\t\t<\/div>\n\t\t\t\t<\/div>\n\t\t<div class=\"elementor-element elementor-element-4e70229 e-flex e-con-boxed e-con e-parent\" data-id=\"4e70229\" data-element_type=\"container\" data-core-v316-plus=\"true\">\n\t\t\t\t\t<div class=\"e-con-inner\">\n\t\t<div class=\"elementor-element elementor-element-84c71d2 e-con-full e-flex e-con e-child\" data-id=\"84c71d2\" data-element_type=\"container\">\n\t\t\t\t<div class=\"elementor-element elementor-element-e7815bd elementor-widget elementor-widget-image\" data-id=\"e7815bd\" data-element_type=\"widget\" data-widget_type=\"image.default\">\n\t\t\t\t<div class=\"elementor-widget-container\">\n\t\t\t\t\t\t\t\t\t\t<figure class=\"wp-caption\">\n\t\t\t\t\t\t\t\t\t\t<img loading=\"lazy\" decoding=\"async\" width=\"350\" height=\"250\" src=\"https:\/\/sis-vi.com\/wp-content\/uploads\/2024\/09\/Inspecting-probe-marks.jpg\" class=\"attachment-large size-large wp-image-2222\" alt=\"\" srcset=\"https:\/\/sis-vi.com\/wp-content\/uploads\/2024\/09\/Inspecting-probe-marks.jpg 350w, https:\/\/sis-vi.com\/wp-content\/uploads\/2024\/09\/Inspecting-probe-marks-300x214.jpg 300w, https:\/\/sis-vi.com\/wp-content\/uploads\/2024\/09\/Inspecting-probe-marks-18x12.jpg 18w\" sizes=\"(max-width: 350px) 100vw, 350px\" \/>\t\t\t\t\t\t\t\t\t\t\t<figcaption class=\"widget-image-caption wp-caption-text\">Ki\u1ec3m tra v\u00e0 ph\u00e2n lo\u1ea1i<\/figcaption>\n\t\t\t\t\t\t\t\t\t\t<\/figure>\n\t\t\t\t\t\t\t<\/div>\n\t\t\t\t<\/div>\n\t\t\t\t<\/div>\n\t\t<div class=\"elementor-element elementor-element-f48c127 e-con-full e-flex e-con e-child\" data-id=\"f48c127\" data-element_type=\"container\">\n\t\t\t\t<div class=\"elementor-element elementor-element-035bda1 elementor-widget elementor-widget-image\" data-id=\"035bda1\" data-element_type=\"widget\" data-widget_type=\"image.default\">\n\t\t\t\t<div class=\"elementor-widget-container\">\n\t\t\t\t\t\t\t\t\t\t<figure class=\"wp-caption\">\n\t\t\t\t\t\t\t\t\t\t<img loading=\"lazy\" decoding=\"async\" width=\"350\" height=\"250\" src=\"https:\/\/sis-vi.com\/wp-content\/uploads\/2024\/09\/Wafer-notch-detection.jpg\" class=\"attachment-large size-large wp-image-2220\" alt=\"Duy tr\u00ec s\u1ef1 li\u00ean k\u1ebft ch\u00ednh x\u00e1c c\u1ee7a c\u00e1c t\u1ea5m b\u00e1n d\u1eabn v\u1edbi nh\u1eefng h\u1ea1n ch\u1ebf v\u1ec1 kh\u00f4ng gian ch\u1eadt h\u1eb9p\" srcset=\"https:\/\/sis-vi.com\/wp-content\/uploads\/2024\/09\/Wafer-notch-detection.jpg 350w, https:\/\/sis-vi.com\/wp-content\/uploads\/2024\/09\/Wafer-notch-detection-300x214.jpg 300w, https:\/\/sis-vi.com\/wp-content\/uploads\/2024\/09\/Wafer-notch-detection-18x12.jpg 18w\" sizes=\"(max-width: 350px) 100vw, 350px\" \/>\t\t\t\t\t\t\t\t\t\t\t<figcaption class=\"widget-image-caption wp-caption-text\">Wafer Notch Detection<\/figcaption>\n\t\t\t\t\t\t\t\t\t\t<\/figure>\n\t\t\t\t\t\t\t<\/div>\n\t\t\t\t<\/div>\n\t\t\t\t<\/div>\n\t\t<div class=\"elementor-element elementor-element-3a45b09 e-con-full e-flex e-con e-child\" data-id=\"3a45b09\" data-element_type=\"container\">\n\t\t\t\t<div class=\"elementor-element elementor-element-1802d84 elementor-widget elementor-widget-image\" data-id=\"1802d84\" data-element_type=\"widget\" data-widget_type=\"image.default\">\n\t\t\t\t<div class=\"elementor-widget-container\">\n\t\t\t\t\t\t\t\t\t\t<figure class=\"wp-caption\">\n\t\t\t\t\t\t\t\t\t\t\t<a href=\"https:\/\/www.cognex.com\/industries\/electronics\/semiconductors\/optical-character-recognition-wafer-carrier-rings\">\n\t\t\t\t\t\t\t<img loading=\"lazy\" decoding=\"async\" width=\"350\" height=\"250\" src=\"https:\/\/sis-vi.com\/wp-content\/uploads\/2024\/09\/OCR-on-wafer-carrier-rings.jpg\" class=\"attachment-large size-large wp-image-2223\" alt=\"\" srcset=\"https:\/\/sis-vi.com\/wp-content\/uploads\/2024\/09\/OCR-on-wafer-carrier-rings.jpg 350w, https:\/\/sis-vi.com\/wp-content\/uploads\/2024\/09\/OCR-on-wafer-carrier-rings-300x214.jpg 300w, https:\/\/sis-vi.com\/wp-content\/uploads\/2024\/09\/OCR-on-wafer-carrier-rings-18x12.jpg 18w\" sizes=\"(max-width: 350px) 100vw, 350px\" \/>\t\t\t\t\t\t\t\t<\/a>\n\t\t\t\t\t\t\t\t\t\t\t<figcaption class=\"widget-image-caption wp-caption-text\">OCR on wafer carrier rings<\/figcaption>\n\t\t\t\t\t\t\t\t\t\t<\/figure>\n\t\t\t\t\t\t\t<\/div>\n\t\t\t\t<\/div>\n\t\t\t\t<\/div>\n\t\t<div class=\"elementor-element elementor-element-f0349c7 e-con-full e-flex e-con e-child\" data-id=\"f0349c7\" data-element_type=\"container\">\n\t\t\t\t<div class=\"elementor-element elementor-element-e2765d0 elementor-widget elementor-widget-image\" data-id=\"e2765d0\" data-element_type=\"widget\" data-widget_type=\"image.default\">\n\t\t\t\t<div class=\"elementor-widget-container\">\n\t\t\t\t\t\t\t\t\t\t<figure class=\"wp-caption\">\n\t\t\t\t\t\t\t\t\t\t<img loading=\"lazy\" decoding=\"async\" width=\"350\" height=\"250\" src=\"https:\/\/sis-vi.com\/wp-content\/uploads\/2024\/09\/OCR-on-ICs.jpg\" class=\"attachment-large size-large wp-image-2224\" alt=\"\" srcset=\"https:\/\/sis-vi.com\/wp-content\/uploads\/2024\/09\/OCR-on-ICs.jpg 350w, https:\/\/sis-vi.com\/wp-content\/uploads\/2024\/09\/OCR-on-ICs-300x214.jpg 300w, https:\/\/sis-vi.com\/wp-content\/uploads\/2024\/09\/OCR-on-ICs-18x12.jpg 18w\" sizes=\"(max-width: 350px) 100vw, 350px\" \/>\t\t\t\t\t\t\t\t\t\t\t<figcaption class=\"widget-image-caption wp-caption-text\">Optical Character Recognition on Integrated Circuits<\/figcaption>\n\t\t\t\t\t\t\t\t\t\t<\/figure>\n\t\t\t\t\t\t\t<\/div>\n\t\t\t\t<\/div>\n\t\t\t\t<\/div>\n\t\t\t\t\t<\/div>\n\t\t\t\t<\/div>\n\t\t\t\t<\/div>","protected":false},"excerpt":{"rendered":"<p>\u0110\u1ea1t \u0111\u01b0\u1ee3c k\u1ebft qu\u1ea3 ch\u1ebf t\u1ea1o ch\u1ea5t l\u01b0\u1ee3ng cao, hi\u1ec7u qu\u1ea3 v\u1ec1 chi ph\u00ed, kh\u00f4ng c\u00f3 khuy\u1ebft t\u1eadt v\u00e0 \u0111\u01b0\u1ee3c s\u1ea3n xu\u1ea5t theo thi\u1ebft k\u1ebf Ng\u00e0y nay, ch\u1ea5t b\u00e1n d\u1eabn kh\u00f4ng th\u1ec3 \u0111\u01b0\u1ee3c s\u1ea3n xu\u1ea5t m\u00e0 kh\u00f4ng s\u1eed d\u1ee5ng th\u1ecb &hellip;<\/p>","protected":false},"author":1,"featured_media":0,"parent":1844,"menu_order":0,"comment_status":"closed","ping_status":"closed","template":"","meta":{"footnotes":""},"class_list":["post-1878","page","type-page","status-publish","hentry"],"_links":{"self":[{"href":"https:\/\/sis-vi.com\/en\/wp-json\/wp\/v2\/pages\/1878","targetHints":{"allow":["GET"]}}],"collection":[{"href":"https:\/\/sis-vi.com\/en\/wp-json\/wp\/v2\/pages"}],"about":[{"href":"https:\/\/sis-vi.com\/en\/wp-json\/wp\/v2\/types\/page"}],"author":[{"embeddable":true,"href":"https:\/\/sis-vi.com\/en\/wp-json\/wp\/v2\/users\/1"}],"replies":[{"embeddable":true,"href":"https:\/\/sis-vi.com\/en\/wp-json\/wp\/v2\/comments?post=1878"}],"version-history":[{"count":18,"href":"https:\/\/sis-vi.com\/en\/wp-json\/wp\/v2\/pages\/1878\/revisions"}],"predecessor-version":[{"id":2679,"href":"https:\/\/sis-vi.com\/en\/wp-json\/wp\/v2\/pages\/1878\/revisions\/2679"}],"up":[{"embeddable":true,"href":"https:\/\/sis-vi.com\/en\/wp-json\/wp\/v2\/pages\/1844"}],"wp:attachment":[{"href":"https:\/\/sis-vi.com\/en\/wp-json\/wp\/v2\/media?parent=1878"}],"curies":[{"name":"wp","href":"https:\/\/api.w.org\/{rel}","templated":true}]}}