{"id":1900,"date":"2024-09-11T14:19:32","date_gmt":"2024-09-11T07:19:32","guid":{"rendered":"https:\/\/sis-vi.com\/?page_id=1900"},"modified":"2024-10-14T17:02:27","modified_gmt":"2024-10-14T10:02:27","slug":"he-truyen-dong","status":"publish","type":"page","link":"https:\/\/sis-vi.com\/en\/giai-phap\/nganh-cong-nghiep\/o-to\/he-truyen-dong\/","title":{"rendered":"Powertrain"},"content":{"rendered":"<div data-elementor-type=\"wp-page\" data-elementor-id=\"1900\" class=\"elementor elementor-1900\">\n\t\t\t\t\t\t<section class=\"elementor-section elementor-top-section elementor-element elementor-element-b9f397a elementor-section-boxed elementor-section-height-default elementor-section-height-default\" data-id=\"b9f397a\" data-element_type=\"section\">\n\t\t\t\t\t\t<div class=\"elementor-container elementor-column-gap-default\">\n\t\t\t\t\t<div class=\"elementor-column elementor-col-100 elementor-top-column elementor-element elementor-element-32ff602\" data-id=\"32ff602\" data-element_type=\"column\">\n\t\t\t<div class=\"elementor-widget-wrap\">\n\t\t\t\t\t\t\t<\/div>\n\t\t<\/div>\n\t\t\t\t\t<\/div>\n\t\t<\/section>\n\t\t\t\t<section class=\"elementor-section elementor-top-section elementor-element elementor-element-9141969 elementor-section-boxed elementor-section-height-default elementor-section-height-default\" data-id=\"9141969\" data-element_type=\"section\">\n\t\t\t\t\t\t<div class=\"elementor-container elementor-column-gap-default\">\n\t\t\t\t\t<div class=\"elementor-column elementor-col-100 elementor-top-column elementor-element elementor-element-aa3da3c\" data-id=\"aa3da3c\" data-element_type=\"column\">\n\t\t\t<div class=\"elementor-widget-wrap elementor-element-populated\">\n\t\t\t\t\t\t<div class=\"elementor-element elementor-element-b31683d elementor-widget elementor-widget-gallery_slider\" data-id=\"b31683d\" data-element_type=\"widget\" data-widget_type=\"gallery_slider.default\">\n\t\t\t\t<div class=\"elementor-widget-container\">\n\t\t\t<div class=\"gallery-fs\"><figure><img decoding=\"async\" src=\"https:\/\/sis-vi.com\/wp-content\/uploads\/2024\/10\/Cast-Component-Inspection.jpg\" alt=\"\"><\/figure><div class=\"gallery-fs-nav\"><button class=\"gallery-fs-fullscreen\"><i class=\"fa fa-arrows-alt\"><\/i><\/button><\/div><div class=\"gallery-fs-thumbnails gallery-fs-thumbnails-col-5 owl-carousel owl-loaded\"><a href='https:\/\/sis-vi.com\/wp-content\/uploads\/2024\/10\/Cast-Component-Inspection.jpg' data-caption='Cast Component Inspection' title='Cast Component Inspection' class=\"selected\"><img class='attachment-anps-gallery-thumb size-anps-gallery-thumb' src=\"https:\/\/sis-vi.com\/wp-content\/uploads\/2024\/10\/Cast-Component-Inspection.jpg\" sizes='(max-width: 280px) 100vw, 280px' width='280' height='158'><\/a><a href='https:\/\/sis-vi.com\/wp-content\/uploads\/2024\/10\/Spark-Plug-Detection-and-Counting.jpg' data-caption='Spark Plug Detection and Counting' title='Spark Plug Detection and Counting'><img class='attachment-anps-gallery-thumb size-anps-gallery-thumb' src=\"https:\/\/sis-vi.com\/wp-content\/uploads\/2024\/10\/Spark-Plug-Detection-and-Counting.jpg\" sizes='(max-width: 280px) 100vw, 280px' width='280' height='158'><\/a><a href='https:\/\/sis-vi.com\/wp-content\/uploads\/2024\/10\/Torque-Converter-and-Engine-Valve-Traceability.jpg' data-caption='' title=''><img class='attachment-anps-gallery-thumb size-anps-gallery-thumb' src=\"https:\/\/sis-vi.com\/wp-content\/uploads\/2024\/10\/Torque-Converter-and-Engine-Valve-Traceability.jpg\" sizes='(max-width: 280px) 100vw, 280px' width='280' height='158'><\/a><a href='https:\/\/sis-vi.com\/wp-content\/uploads\/2024\/10\/Transport-Tray-Identification.jpg' data-caption='' title=''><img class='attachment-anps-gallery-thumb size-anps-gallery-thumb' src=\"https:\/\/sis-vi.com\/wp-content\/uploads\/2024\/10\/Transport-Tray-Identification.jpg\" sizes='(max-width: 280px) 100vw, 280px' width='280' height='158'><\/a><a href='https:\/\/sis-vi.com\/wp-content\/uploads\/2024\/10\/Engine-Block-Traceability.jpg' data-caption='Engine Block Traceability' title='Engine Block Traceability'><img class='attachment-anps-gallery-thumb size-anps-gallery-thumb' src=\"https:\/\/sis-vi.com\/wp-content\/uploads\/2024\/10\/Engine-Block-Traceability.jpg\" sizes='(max-width: 280px) 100vw, 280px' width='280' height='158'><\/a><a href='https:\/\/sis-vi.com\/wp-content\/uploads\/2024\/10\/Transmission-Assembly-Inspection.jpg' data-caption='Transmission Assembly Inspection' title='Transmission Assembly Inspection'><img class='attachment-anps-gallery-thumb size-anps-gallery-thumb' src=\"https:\/\/sis-vi.com\/wp-content\/uploads\/2024\/10\/Transmission-Assembly-Inspection.jpg\" sizes='(max-width: 280px) 100vw, 280px' width='280' height='158'><\/a><\/div><\/div>\t\t<\/div>\n\t\t\t\t<\/div>\n\t\t\t\t<div class=\"elementor-element elementor-element-6739ccb elementor-widget elementor-widget-heading\" data-id=\"6739ccb\" data-element_type=\"widget\" data-widget_type=\"heading.default\">\n\t\t\t\t<div class=\"elementor-widget-container\">\n\t\t\t<style>\/*! elementor - v3.20.0 - 10-04-2024 *\/\n.elementor-heading-title{padding:0;margin:0;line-height:1}.elementor-widget-heading .elementor-heading-title[class*=elementor-size-]>a{color:inherit;font-size:inherit;line-height:inherit}.elementor-widget-heading .elementor-heading-title.elementor-size-small{font-size:15px}.elementor-widget-heading .elementor-heading-title.elementor-size-medium{font-size:19px}.elementor-widget-heading .elementor-heading-title.elementor-size-large{font-size:29px}.elementor-widget-heading .elementor-heading-title.elementor-size-xl{font-size:39px}.elementor-widget-heading .elementor-heading-title.elementor-size-xxl{font-size:59px}<\/style><h2 class='heading-left  divider-sm'  style=\"color:#000000\"><span>H\u1ec6 TH\u1ed0NG TRUY\u1ec0N \u0110\u1ed8NG<\/span><\/h2>\t\t<\/div>\n\t\t\t\t<\/div>\n\t\t\t\t<div class=\"elementor-element elementor-element-85ca906 elementor-widget elementor-widget-text-editor\" data-id=\"85ca906\" data-element_type=\"widget\" data-widget_type=\"text-editor.default\">\n\t\t\t\t<div class=\"elementor-widget-container\">\n\t\t\t<style>\/*! elementor - v3.20.0 - 10-04-2024 *\/\n.elementor-widget-text-editor.elementor-drop-cap-view-stacked .elementor-drop-cap{background-color:#69727d;color:#fff}.elementor-widget-text-editor.elementor-drop-cap-view-framed .elementor-drop-cap{color:#69727d;border:3px solid;background-color:transparent}.elementor-widget-text-editor:not(.elementor-drop-cap-view-default) .elementor-drop-cap{margin-top:8px}.elementor-widget-text-editor:not(.elementor-drop-cap-view-default) .elementor-drop-cap-letter{width:1em;height:1em}.elementor-widget-text-editor .elementor-drop-cap{float:left;text-align:center;line-height:1;font-size:50px}.elementor-widget-text-editor .elementor-drop-cap-letter{display:inline-block}<\/style>\t\t\t\t<p><strong>C\u1ea3i thi\u1ec7n kh\u1ea3 n\u0103ng truy xu\u1ea5t ngu\u1ed3n g\u1ed1c v\u00e0 x\u00e1c minh l\u1eafp r\u00e1p cu\u1ed1i c\u00f9ng<\/strong><\/p>\t\t\t\t\t\t<\/div>\n\t\t\t\t<\/div>\n\t\t\t\t\t<\/div>\n\t\t<\/div>\n\t\t\t\t\t<\/div>\n\t\t<\/section>\n\t\t\t\t<section class=\"elementor-section elementor-top-section elementor-element elementor-element-0a407a1 elementor-section-boxed elementor-section-height-default elementor-section-height-default\" data-id=\"0a407a1\" data-element_type=\"section\">\n\t\t\t\t\t\t<div class=\"elementor-container elementor-column-gap-default\">\n\t\t\t\t\t<div class=\"elementor-column elementor-col-66 elementor-top-column elementor-element elementor-element-1821c12\" data-id=\"1821c12\" data-element_type=\"column\">\n\t\t\t<div class=\"elementor-widget-wrap elementor-element-populated\">\n\t\t\t\t\t\t<div class=\"elementor-element elementor-element-c3fdad2 elementor-widget elementor-widget-heading\" data-id=\"c3fdad2\" data-element_type=\"widget\" data-widget_type=\"heading.default\">\n\t\t\t\t<div class=\"elementor-widget-container\">\n\t\t\t<h2 class='heading-left  divider-sm'  style=\"color:#000000\"><span>CHI TI\u1ebeT D\u1ecaCH V\u1ee4<\/span><\/h2>\t\t<\/div>\n\t\t\t\t<\/div>\n\t\t\t\t<div class=\"elementor-element elementor-element-3cbb22e elementor-widget elementor-widget-accordion\" data-id=\"3cbb22e\" data-element_type=\"widget\" data-widget_type=\"accordion.default\">\n\t\t\t\t<div class=\"elementor-widget-container\">\n\t\t\t<style>\/*! elementor - v3.20.0 - 10-04-2024 *\/\n.elementor-accordion{text-align:left}.elementor-accordion .elementor-accordion-item{border:1px solid #d5d8dc}.elementor-accordion .elementor-accordion-item+.elementor-accordion-item{border-top:none}.elementor-accordion .elementor-tab-title{margin:0;padding:15px 20px;font-weight:700;line-height:1;cursor:pointer;outline:none}.elementor-accordion .elementor-tab-title .elementor-accordion-icon{display:inline-block;width:1.5em}.elementor-accordion .elementor-tab-title .elementor-accordion-icon svg{width:1em;height:1em}.elementor-accordion .elementor-tab-title .elementor-accordion-icon.elementor-accordion-icon-right{float:right;text-align:right}.elementor-accordion .elementor-tab-title .elementor-accordion-icon.elementor-accordion-icon-left{float:left;text-align:left}.elementor-accordion .elementor-tab-title .elementor-accordion-icon .elementor-accordion-icon-closed{display:block}.elementor-accordion .elementor-tab-title .elementor-accordion-icon .elementor-accordion-icon-opened,.elementor-accordion .elementor-tab-title.elementor-active .elementor-accordion-icon-closed{display:none}.elementor-accordion .elementor-tab-title.elementor-active .elementor-accordion-icon-opened{display:block}.elementor-accordion .elementor-tab-content{display:none;padding:15px 20px;border-top:1px solid #d5d8dc}@media (max-width:767px){.elementor-accordion .elementor-tab-title{padding:12px 15px}.elementor-accordion .elementor-tab-title .elementor-accordion-icon{width:1.2em}.elementor-accordion .elementor-tab-content{padding:7px 15px}}.e-con-inner>.elementor-widget-accordion,.e-con>.elementor-widget-accordion{width:var(--container-widget-width);--flex-grow:var(--container-widget-flex-grow)}<\/style>\t\t<div class=\"elementor-accordion\">\n\t\t\t\t\t\t\t<div class=\"elementor-accordion-item\">\n\t\t\t\t\t<div id=\"elementor-tab-title-6361\" class=\"elementor-tab-title\" data-tab=\"1\" role=\"button\" aria-controls=\"elementor-tab-content-6361\" aria-expanded=\"false\">\n\t\t\t\t\t\t\t\t\t\t\t\t\t<span class=\"elementor-accordion-icon elementor-accordion-icon-left\" aria-hidden=\"true\">\n\t\t\t\t\t\t\t\t\t\t\t\t\t\t\t<span class=\"elementor-accordion-icon-closed\"><svg class=\"e-font-icon-svg e-fas-plus\" viewbox=\"0 0 448 512\" xmlns=\"http:\/\/www.w3.org\/2000\/svg\"><path d=\"M416 208H272V64c0-17.67-14.33-32-32-32h-32c-17.67 0-32 14.33-32 32v144H32c-17.67 0-32 14.33-32 32v32c0 17.67 14.33 32 32 32h144v144c0 17.67 14.33 32 32 32h32c17.67 0 32-14.33 32-32V304h144c17.67 0 32-14.33 32-32v-32c0-17.67-14.33-32-32-32z\"><\/path><\/svg><\/span>\n\t\t\t\t\t\t\t\t<span class=\"elementor-accordion-icon-opened\"><svg class=\"e-font-icon-svg e-fas-minus\" viewbox=\"0 0 448 512\" xmlns=\"http:\/\/www.w3.org\/2000\/svg\"><path d=\"M416 208H32c-17.67 0-32 14.33-32 32v32c0 17.67 14.33 32 32 32h384c17.67 0 32-14.33 32-32v-32c0-17.67-14.33-32-32-32z\"><\/path><\/svg><\/span>\n\t\t\t\t\t\t\t\t\t\t\t\t\t\t<\/span>\n\t\t\t\t\t\t\t\t\t\t\t\t<a class=\"elementor-accordion-title\" tabindex=\"0\">Ki\u1ec3m tra th\u00e0nh ph\u1ea7n \u0111\u00fac 3D<\/a>\n\t\t\t\t\t<\/div>\n\t\t\t\t\t<div id=\"elementor-tab-content-6361\" class=\"elementor-tab-content elementor-clearfix\" data-tab=\"1\" role=\"region\" aria-labelledby=\"elementor-tab-title-6361\"><p style=\"text-align: left;\"><span style=\"font-size: 16px;\"><img fetchpriority=\"high\" decoding=\"async\" class=\"size-medium wp-image-2540 alignleft\" src=\"https:\/\/sis-vi.com\/wp-content\/uploads\/2024\/10\/3D-Cast-Component-Inspection-300x214.png\" alt=\"\" width=\"300\" height=\"214\" srcset=\"https:\/\/sis-vi.com\/wp-content\/uploads\/2024\/10\/3D-Cast-Component-Inspection-300x214.png 300w, https:\/\/sis-vi.com\/wp-content\/uploads\/2024\/10\/3D-Cast-Component-Inspection-18x12.png 18w, https:\/\/sis-vi.com\/wp-content\/uploads\/2024\/10\/3D-Cast-Component-Inspection.png 350w\" sizes=\"(max-width: 300px) 100vw, 300px\" \/>C\u00e1c ph\u00e9p \u0111o 3D th\u1ef1c \u0111\u1ec3 ch\u1ee5p ng\u1eafn, ph\u00e1t hi\u1ec7n v\u00e0 ch\u1ec9nh s\u1eeda nh\u1ea5p nh\u00e1y<\/span><\/p><\/div>\n\t\t\t\t<\/div>\n\t\t\t\t\t\t\t<div class=\"elementor-accordion-item\">\n\t\t\t\t\t<div id=\"elementor-tab-title-6362\" class=\"elementor-tab-title\" data-tab=\"2\" role=\"button\" aria-controls=\"elementor-tab-content-6362\" aria-expanded=\"false\">\n\t\t\t\t\t\t\t\t\t\t\t\t\t<span class=\"elementor-accordion-icon elementor-accordion-icon-left\" aria-hidden=\"true\">\n\t\t\t\t\t\t\t\t\t\t\t\t\t\t\t<span class=\"elementor-accordion-icon-closed\"><svg class=\"e-font-icon-svg e-fas-plus\" viewbox=\"0 0 448 512\" xmlns=\"http:\/\/www.w3.org\/2000\/svg\"><path d=\"M416 208H272V64c0-17.67-14.33-32-32-32h-32c-17.67 0-32 14.33-32 32v144H32c-17.67 0-32 14.33-32 32v32c0 17.67 14.33 32 32 32h144v144c0 17.67 14.33 32 32 32h32c17.67 0 32-14.33 32-32V304h144c17.67 0 32-14.33 32-32v-32c0-17.67-14.33-32-32-32z\"><\/path><\/svg><\/span>\n\t\t\t\t\t\t\t\t<span class=\"elementor-accordion-icon-opened\"><svg class=\"e-font-icon-svg e-fas-minus\" viewbox=\"0 0 448 512\" xmlns=\"http:\/\/www.w3.org\/2000\/svg\"><path d=\"M416 208H32c-17.67 0-32 14.33-32 32v32c0 17.67 14.33 32 32 32h384c17.67 0 32-14.33 32-32v-32c0-17.67-14.33-32-32-32z\"><\/path><\/svg><\/span>\n\t\t\t\t\t\t\t\t\t\t\t\t\t\t<\/span>\n\t\t\t\t\t\t\t\t\t\t\t\t<a class=\"elementor-accordion-title\" tabindex=\"0\">Ki\u1ec3m tra kh\u1ed1i \u0111\u1ed9ng c\u01a1 t\u1ef1 \u0111\u1ed9ng<\/a>\n\t\t\t\t\t<\/div>\n\t\t\t\t\t<div id=\"elementor-tab-content-6362\" class=\"elementor-tab-content elementor-clearfix\" data-tab=\"2\" role=\"region\" aria-labelledby=\"elementor-tab-title-6362\"><p><img decoding=\"async\" class=\"size-medium wp-image-2517 alignleft\" src=\"https:\/\/sis-vi.com\/wp-content\/uploads\/2024\/10\/Automated-Engine-Block-Inspection-300x214.jpg\" alt=\"\" width=\"300\" height=\"214\" srcset=\"https:\/\/sis-vi.com\/wp-content\/uploads\/2024\/10\/Automated-Engine-Block-Inspection-300x214.jpg 300w, https:\/\/sis-vi.com\/wp-content\/uploads\/2024\/10\/Automated-Engine-Block-Inspection-18x12.jpg 18w, https:\/\/sis-vi.com\/wp-content\/uploads\/2024\/10\/Automated-Engine-Block-Inspection.jpg 350w\" sizes=\"(max-width: 300px) 100vw, 300px\" \/><\/p><p><strong>X\u00e1c nh\u1eadn s\u1ef1 hi\u1ec7n di\u1ec7n c\u1ee7a t\u1ea5t c\u1ea3 c\u00e1c b\u1ed9 ph\u1eadn c\u1ea7n thi\u1ebft tr\u00ean m\u1ed9t lo\u1ea1t c\u00e1c \u0111\u1ed9ng c\u01a1<\/strong><\/p><\/div>\n\t\t\t\t<\/div>\n\t\t\t\t\t\t\t<div class=\"elementor-accordion-item\">\n\t\t\t\t\t<div id=\"elementor-tab-title-6363\" class=\"elementor-tab-title\" data-tab=\"3\" role=\"button\" aria-controls=\"elementor-tab-content-6363\" aria-expanded=\"false\">\n\t\t\t\t\t\t\t\t\t\t\t\t\t<span class=\"elementor-accordion-icon elementor-accordion-icon-left\" aria-hidden=\"true\">\n\t\t\t\t\t\t\t\t\t\t\t\t\t\t\t<span class=\"elementor-accordion-icon-closed\"><svg class=\"e-font-icon-svg e-fas-plus\" viewbox=\"0 0 448 512\" xmlns=\"http:\/\/www.w3.org\/2000\/svg\"><path d=\"M416 208H272V64c0-17.67-14.33-32-32-32h-32c-17.67 0-32 14.33-32 32v144H32c-17.67 0-32 14.33-32 32v32c0 17.67 14.33 32 32 32h144v144c0 17.67 14.33 32 32 32h32c17.67 0 32-14.33 32-32V304h144c17.67 0 32-14.33 32-32v-32c0-17.67-14.33-32-32-32z\"><\/path><\/svg><\/span>\n\t\t\t\t\t\t\t\t<span class=\"elementor-accordion-icon-opened\"><svg class=\"e-font-icon-svg e-fas-minus\" viewbox=\"0 0 448 512\" xmlns=\"http:\/\/www.w3.org\/2000\/svg\"><path d=\"M416 208H32c-17.67 0-32 14.33-32 32v32c0 17.67 14.33 32 32 32h384c17.67 0 32-14.33 32-32v-32c0-17.67-14.33-32-32-32z\"><\/path><\/svg><\/span>\n\t\t\t\t\t\t\t\t\t\t\t\t\t\t<\/span>\n\t\t\t\t\t\t\t\t\t\t\t\t<a class=\"elementor-accordion-title\" tabindex=\"0\">Truy xu\u1ea5t ngu\u1ed3n g\u1ed1c kh\u1ed1i \u0111\u1ed9ng c\u01a1<\/a>\n\t\t\t\t\t<\/div>\n\t\t\t\t\t<div id=\"elementor-tab-content-6363\" class=\"elementor-tab-content elementor-clearfix\" data-tab=\"3\" role=\"region\" aria-labelledby=\"elementor-tab-title-6363\"><p><img decoding=\"async\" class=\"size-medium wp-image-2522 alignleft\" src=\"https:\/\/sis-vi.com\/wp-content\/uploads\/2024\/10\/Engine-Block-Traceability-300x214.jpg\" alt=\"\" width=\"300\" height=\"214\" srcset=\"https:\/\/sis-vi.com\/wp-content\/uploads\/2024\/10\/Engine-Block-Traceability-300x214.jpg 300w, https:\/\/sis-vi.com\/wp-content\/uploads\/2024\/10\/Engine-Block-Traceability-18x12.jpg 18w, https:\/\/sis-vi.com\/wp-content\/uploads\/2024\/10\/Engine-Block-Traceability.jpg 350w\" sizes=\"(max-width: 300px) 100vw, 300px\" \/><\/p><p><strong>Theo d\u00f5i c\u00e1c kh\u1ed1i \u0111\u1ed9ng c\u01a1 th\u00f4ng qua s\u1ea3n xu\u1ea5t v\u00e0 h\u01a1n th\u1ebf n\u1eefa<\/strong><\/p><\/div>\n\t\t\t\t<\/div>\n\t\t\t\t\t\t\t<div class=\"elementor-accordion-item\">\n\t\t\t\t\t<div id=\"elementor-tab-title-6364\" class=\"elementor-tab-title\" data-tab=\"4\" role=\"button\" aria-controls=\"elementor-tab-content-6364\" aria-expanded=\"false\">\n\t\t\t\t\t\t\t\t\t\t\t\t\t<span class=\"elementor-accordion-icon elementor-accordion-icon-left\" aria-hidden=\"true\">\n\t\t\t\t\t\t\t\t\t\t\t\t\t\t\t<span class=\"elementor-accordion-icon-closed\"><svg class=\"e-font-icon-svg e-fas-plus\" viewbox=\"0 0 448 512\" xmlns=\"http:\/\/www.w3.org\/2000\/svg\"><path d=\"M416 208H272V64c0-17.67-14.33-32-32-32h-32c-17.67 0-32 14.33-32 32v144H32c-17.67 0-32 14.33-32 32v32c0 17.67 14.33 32 32 32h144v144c0 17.67 14.33 32 32 32h32c17.67 0 32-14.33 32-32V304h144c17.67 0 32-14.33 32-32v-32c0-17.67-14.33-32-32-32z\"><\/path><\/svg><\/span>\n\t\t\t\t\t\t\t\t<span class=\"elementor-accordion-icon-opened\"><svg class=\"e-font-icon-svg e-fas-minus\" viewbox=\"0 0 448 512\" xmlns=\"http:\/\/www.w3.org\/2000\/svg\"><path d=\"M416 208H32c-17.67 0-32 14.33-32 32v32c0 17.67 14.33 32 32 32h384c17.67 0 32-14.33 32-32v-32c0-17.67-14.33-32-32-32z\"><\/path><\/svg><\/span>\n\t\t\t\t\t\t\t\t\t\t\t\t\t\t<\/span>\n\t\t\t\t\t\t\t\t\t\t\t\t<a class=\"elementor-accordion-title\" tabindex=\"0\">Ki\u1ec3m tra xi lanh<\/a>\n\t\t\t\t\t<\/div>\n\t\t\t\t\t<div id=\"elementor-tab-content-6364\" class=\"elementor-tab-content elementor-clearfix\" data-tab=\"4\" role=\"region\" aria-labelledby=\"elementor-tab-title-6364\"><p><strong><img loading=\"lazy\" decoding=\"async\" class=\"size-medium wp-image-2545 alignleft\" src=\"https:\/\/sis-vi.com\/wp-content\/uploads\/2024\/10\/Cylinder_Main-350x250-10a2bb95-d3f5-4880-95b4-1208d259c8a1-300x214.jpg\" alt=\"\" width=\"300\" height=\"214\" srcset=\"https:\/\/sis-vi.com\/wp-content\/uploads\/2024\/10\/Cylinder_Main-350x250-10a2bb95-d3f5-4880-95b4-1208d259c8a1-300x214.jpg 300w, https:\/\/sis-vi.com\/wp-content\/uploads\/2024\/10\/Cylinder_Main-350x250-10a2bb95-d3f5-4880-95b4-1208d259c8a1-18x12.jpg 18w, https:\/\/sis-vi.com\/wp-content\/uploads\/2024\/10\/Cylinder_Main-350x250-10a2bb95-d3f5-4880-95b4-1208d259c8a1.jpg 350w\" sizes=\"(max-width: 300px) 100vw, 300px\" \/>C\u00f4ng c\u1ee5 ph\u00e1t hi\u1ec7n khuy\u1ebft t\u1eadt Vision Deep Learning ph\u00e1t hi\u1ec7n l\u1ed7 ch\u00e2n l\u00f4ng trong kim lo\u1ea1i m\u1ed9t c\u00e1ch \u0111\u00e1ng tin c\u1eady<\/strong><\/p><\/div>\n\t\t\t\t<\/div>\n\t\t\t\t\t\t\t<div class=\"elementor-accordion-item\">\n\t\t\t\t\t<div id=\"elementor-tab-title-6365\" class=\"elementor-tab-title\" data-tab=\"5\" role=\"button\" aria-controls=\"elementor-tab-content-6365\" aria-expanded=\"false\">\n\t\t\t\t\t\t\t\t\t\t\t\t\t<span class=\"elementor-accordion-icon elementor-accordion-icon-left\" aria-hidden=\"true\">\n\t\t\t\t\t\t\t\t\t\t\t\t\t\t\t<span class=\"elementor-accordion-icon-closed\"><svg class=\"e-font-icon-svg e-fas-plus\" viewbox=\"0 0 448 512\" xmlns=\"http:\/\/www.w3.org\/2000\/svg\"><path d=\"M416 208H272V64c0-17.67-14.33-32-32-32h-32c-17.67 0-32 14.33-32 32v144H32c-17.67 0-32 14.33-32 32v32c0 17.67 14.33 32 32 32h144v144c0 17.67 14.33 32 32 32h32c17.67 0 32-14.33 32-32V304h144c17.67 0 32-14.33 32-32v-32c0-17.67-14.33-32-32-32z\"><\/path><\/svg><\/span>\n\t\t\t\t\t\t\t\t<span class=\"elementor-accordion-icon-opened\"><svg class=\"e-font-icon-svg e-fas-minus\" viewbox=\"0 0 448 512\" xmlns=\"http:\/\/www.w3.org\/2000\/svg\"><path d=\"M416 208H32c-17.67 0-32 14.33-32 32v32c0 17.67 14.33 32 32 32h384c17.67 0 32-14.33 32-32v-32c0-17.67-14.33-32-32-32z\"><\/path><\/svg><\/span>\n\t\t\t\t\t\t\t\t\t\t\t\t\t\t<\/span>\n\t\t\t\t\t\t\t\t\t\t\t\t<a class=\"elementor-accordion-title\" tabindex=\"0\">Nh\u1eadn d\u1ea1ng khay v\u1eadn chuy\u1ec3n<\/a>\n\t\t\t\t\t<\/div>\n\t\t\t\t\t<div id=\"elementor-tab-content-6365\" class=\"elementor-tab-content elementor-clearfix\" data-tab=\"5\" role=\"region\" aria-labelledby=\"elementor-tab-title-6365\"><p><strong><img loading=\"lazy\" decoding=\"async\" class=\"size-medium wp-image-2521 alignleft\" src=\"https:\/\/sis-vi.com\/wp-content\/uploads\/2024\/10\/Transport-Tray-Identification-300x214.jpg\" alt=\"\" width=\"300\" height=\"214\" srcset=\"https:\/\/sis-vi.com\/wp-content\/uploads\/2024\/10\/Transport-Tray-Identification-300x214.jpg 300w, https:\/\/sis-vi.com\/wp-content\/uploads\/2024\/10\/Transport-Tray-Identification-18x12.jpg 18w, https:\/\/sis-vi.com\/wp-content\/uploads\/2024\/10\/Transport-Tray-Identification.jpg 350w\" sizes=\"(max-width: 300px) 100vw, 300px\" \/>\u0110\u1ea7u \u0111\u1ecdc m\u00e3 v\u1ea1ch d\u1ef1a tr\u00ean h\u00ecnh \u1ea3nh cung c\u1ea5p kh\u1ea3 n\u0103ng \u0111\u1ecdc m\u00e3 nhanh h\u01a1n v\u00e0 ch\u00ednh x\u00e1c h\u01a1n tr\u00ean c\u00e1c khay<\/strong><\/p><\/div>\n\t\t\t\t<\/div>\n\t\t\t\t\t\t\t\t<\/div>\n\t\t\t\t<\/div>\n\t\t\t\t<\/div>\n\t\t\t\t\t<\/div>\n\t\t<\/div>\n\t\t\t\t<div class=\"elementor-column elementor-col-33 elementor-top-column elementor-element elementor-element-08516a3\" data-id=\"08516a3\" data-element_type=\"column\">\n\t\t\t<div class=\"elementor-widget-wrap elementor-element-populated\">\n\t\t\t\t\t\t<div class=\"elementor-element elementor-element-aa8e4a4 elementor-widget elementor-widget-heading\" data-id=\"aa8e4a4\" data-element_type=\"widget\" data-widget_type=\"heading.default\">\n\t\t\t\t<div class=\"elementor-widget-container\">\n\t\t\t<h2 class='heading-left  divider-sm'  style=\"color:#000000\"><span>S\u1ee8 M\u1ec6NH D\u1ef0 \u00c1N<\/span><\/h2>\t\t<\/div>\n\t\t\t\t<\/div>\n\t\t\t\t<div class=\"elementor-element elementor-element-1dfc69c elementor-widget elementor-widget-text-editor\" data-id=\"1dfc69c\" data-element_type=\"widget\" data-widget_type=\"text-editor.default\">\n\t\t\t\t<div class=\"elementor-widget-container\">\n\t\t\t\t\t\t\t\t\t\t\t\t\t<\/div>\n\t\t\t\t<\/div>\n\t\t\t\t<div class=\"elementor-element elementor-element-febf83e elementor-widget elementor-widget-text-editor\" data-id=\"febf83e\" data-element_type=\"widget\" data-widget_type=\"text-editor.default\">\n\t\t\t\t<div class=\"elementor-widget-container\">\n\t\t\t\t\t\t\t<p>H\u1ec7 th\u1ed1ng t\u1ea7m nh\u00ecn Cognex x\u00e1c nh\u1eadn s\u1ef1 hi\u1ec7n di\u1ec7n c\u1ee7a c\u00e1c th\u00e0nh ph\u1ea7n h\u1ec7 th\u1ed1ng truy\u1ec1n \u0111\u1ed9ng quan tr\u1ecdng nh\u01b0 g\u00f3i ly h\u1ee3p, ch\u1ea5t mang, kh\u1edbp v\u1eadn t\u1ed1c kh\u00f4ng \u0111\u1ed5i, th\u00e2n van, piston, ph\u1edbt ch\u1eb7n v\u00e0 v\u00f2ng ch\u1ee5p. H\u1ec7 th\u1ed1ng c\u0169ng g\u1eedi k\u1ebft qu\u1ea3 ki\u1ec3m tra k\u00e8m theo h\u00ecnh \u1ea3nh \u0111\u1ec3 l\u01b0u tr\u1eef v\u1ec1 h\u1ec7 th\u1ed1ng CNTT c\u1ee7a nh\u00e0 m\u00e1y gi\u00fap h\u1ea1n ch\u1ebf t\u1ed1i \u0111a vi\u1ec7c thu h\u1ed3i. C\u00e1c c\u00f4ng c\u1ee5 th\u1ecb gi\u00e1c \u0111\u01b0\u1ee3c c\u1ea5p b\u1eb1ng s\u00e1ng ch\u1ebf m\u1ea1nh m\u1ebd, \u0111\u01b0\u1ee3c c\u1ea5u h\u00ecnh m\u00e0 kh\u00f4ng c\u1ea7n l\u1eadp tr\u00ecnh, \u0111\u1ea3m b\u1ea3o r\u1eb1ng c\u00e1c b\u1ed9 ph\u1eadn ch\u00ednh x\u00e1c \u0111\u00e3 \u0111\u01b0\u1ee3c s\u1eed d\u1ee5ng v\u00e0 ch\u00fang \u0111\u00e1p \u1ee9ng c\u00e1c y\u00eau c\u1ea7u nghi\u00eam ng\u1eb7t v\u1ec1 dung sai.<\/p>\t\t\t\t\t\t<\/div>\n\t\t\t\t<\/div>\n\t\t\t\t\t<\/div>\n\t\t<\/div>\n\t\t\t\t\t<\/div>\n\t\t<\/section>\n\t\t\t\t<\/div>","protected":false},"excerpt":{"rendered":"<p>H\u1ec6 TH\u1ed0NG TRUY\u1ec0N \u0110\u1ed8NG C\u1ea3i thi\u1ec7n kh\u1ea3 n\u0103ng truy xu\u1ea5t ngu\u1ed3n g\u1ed1c v\u00e0 x\u00e1c minh l\u1eafp r\u00e1p cu\u1ed1i c\u00f9ng CHI TI\u1ebeT D\u1ecaCH V\u1ee4 Ki\u1ec3m tra th\u00e0nh ph\u1ea7n \u0111\u00fac 3D C\u00e1c ph\u00e9p \u0111o 3D th\u1ef1c \u0111\u1ec3 ch\u1ee5p ng\u1eafn, ph\u00e1t hi\u1ec7n v\u00e0 &hellip;<\/p>","protected":false},"author":1,"featured_media":0,"parent":1849,"menu_order":0,"comment_status":"closed","ping_status":"closed","template":"","meta":{"footnotes":""},"class_list":["post-1900","page","type-page","status-publish","hentry"],"_links":{"self":[{"href":"https:\/\/sis-vi.com\/en\/wp-json\/wp\/v2\/pages\/1900","targetHints":{"allow":["GET"]}}],"collection":[{"href":"https:\/\/sis-vi.com\/en\/wp-json\/wp\/v2\/pages"}],"about":[{"href":"https:\/\/sis-vi.com\/en\/wp-json\/wp\/v2\/types\/page"}],"author":[{"embeddable":true,"href":"https:\/\/sis-vi.com\/en\/wp-json\/wp\/v2\/users\/1"}],"replies":[{"embeddable":true,"href":"https:\/\/sis-vi.com\/en\/wp-json\/wp\/v2\/comments?post=1900"}],"version-history":[{"count":26,"href":"https:\/\/sis-vi.com\/en\/wp-json\/wp\/v2\/pages\/1900\/revisions"}],"predecessor-version":[{"id":2551,"href":"https:\/\/sis-vi.com\/en\/wp-json\/wp\/v2\/pages\/1900\/revisions\/2551"}],"up":[{"embeddable":true,"href":"https:\/\/sis-vi.com\/en\/wp-json\/wp\/v2\/pages\/1849"}],"wp:attachment":[{"href":"https:\/\/sis-vi.com\/en\/wp-json\/wp\/v2\/media?parent=1900"}],"curies":[{"name":"wp","href":"https:\/\/api.w.org\/{rel}","templated":true}]}}