{"id":710,"date":"2024-04-19T04:16:25","date_gmt":"2024-04-19T04:16:25","guid":{"rendered":"https:\/\/sis-vi.com\/?page_id=710"},"modified":"2024-04-23T15:18:30","modified_gmt":"2024-04-23T08:18:30","slug":"ve-chung-toi","status":"publish","type":"page","link":"https:\/\/sis-vi.com\/en\/ve-chung-toi\/","title":{"rendered":"About us"},"content":{"rendered":"<div data-elementor-type=\"wp-page\" data-elementor-id=\"710\" class=\"elementor elementor-710\">\n\t\t\t\t\t\t<section class=\"elementor-section elementor-top-section elementor-element elementor-element-d4735f3 elementor-section-boxed elementor-section-height-default elementor-section-height-default\" data-id=\"d4735f3\" data-element_type=\"section\">\n\t\t\t\t\t\t<div class=\"elementor-container elementor-column-gap-default\">\n\t\t\t\t\t<div class=\"elementor-column elementor-col-50 elementor-top-column elementor-element elementor-element-b46ca0a\" data-id=\"b46ca0a\" data-element_type=\"column\">\n\t\t\t<div class=\"elementor-widget-wrap elementor-element-populated\">\n\t\t\t\t\t\t<div class=\"elementor-element elementor-element-d817781 elementor-widget elementor-widget-heading\" data-id=\"d817781\" data-element_type=\"widget\" data-widget_type=\"heading.default\">\n\t\t\t\t<div class=\"elementor-widget-container\">\n\t\t\t<style>\/*! elementor - v3.20.0 - 10-04-2024 *\/\n.elementor-heading-title{padding:0;margin:0;line-height:1}.elementor-widget-heading .elementor-heading-title[class*=elementor-size-]>a{color:inherit;font-size:inherit;line-height:inherit}.elementor-widget-heading .elementor-heading-title.elementor-size-small{font-size:15px}.elementor-widget-heading .elementor-heading-title.elementor-size-medium{font-size:19px}.elementor-widget-heading .elementor-heading-title.elementor-size-large{font-size:29px}.elementor-widget-heading .elementor-heading-title.elementor-size-xl{font-size:39px}.elementor-widget-heading .elementor-heading-title.elementor-size-xxl{font-size:59px}<\/style><h2 class='heading-left  divider-sm'  style=\"color:#000000\"><span>TRUST IS FIRST IN BUSINESS. <\/span><\/h2>\t\t<\/div>\n\t\t\t\t<\/div>\n\t\t\t\t<div class=\"elementor-element elementor-element-2e39c59 elementor-widget elementor-widget-text-editor\" data-id=\"2e39c59\" data-element_type=\"widget\" data-widget_type=\"text-editor.default\">\n\t\t\t\t<div class=\"elementor-widget-container\">\n\t\t\t<style>\/*! elementor - v3.20.0 - 10-04-2024 *\/\n.elementor-widget-text-editor.elementor-drop-cap-view-stacked .elementor-drop-cap{background-color:#69727d;color:#fff}.elementor-widget-text-editor.elementor-drop-cap-view-framed .elementor-drop-cap{color:#69727d;border:3px solid;background-color:transparent}.elementor-widget-text-editor:not(.elementor-drop-cap-view-default) .elementor-drop-cap{margin-top:8px}.elementor-widget-text-editor:not(.elementor-drop-cap-view-default) .elementor-drop-cap-letter{width:1em;height:1em}.elementor-widget-text-editor .elementor-drop-cap{float:left;text-align:center;line-height:1;font-size:50px}.elementor-widget-text-editor .elementor-drop-cap-letter{display:inline-block}<\/style>\t\t\t\t<p>\u201cThe measure of our success is customer trust and satisfaction.\u201d<\/p><p>SIS Technology Joint Stock Company is a company operating in the field of Industrial Automation, specializing in providing automation solutions for system integration such as Collaborative Robots (Cobot), 2D &amp; 3D Vision systems, Deep Learning, AI, Industrial code readers and Autonomous Robots (AGV).<\/p>\t\t\t\t\t\t<\/div>\n\t\t\t\t<\/div>\n\t\t\t\t\t<\/div>\n\t\t<\/div>\n\t\t\t\t<div class=\"elementor-column elementor-col-50 elementor-top-column elementor-element elementor-element-6606ae0\" data-id=\"6606ae0\" data-element_type=\"column\">\n\t\t\t<div class=\"elementor-widget-wrap elementor-element-populated\">\n\t\t\t\t\t\t<div class=\"elementor-element elementor-element-6f7810d elementor-widget elementor-widget-image\" data-id=\"6f7810d\" data-element_type=\"widget\" data-widget_type=\"image.default\">\n\t\t\t\t<div class=\"elementor-widget-container\">\n\t\t\t<style>\/*! elementor - v3.20.0 - 10-04-2024 *\/\n.elementor-widget-image{text-align:center}.elementor-widget-image a{display:inline-block}.elementor-widget-image a img[src$=\".svg\"]{width:48px}.elementor-widget-image img{vertical-align:middle;display:inline-block}<\/style>\t\t\t\t\t\t\t\t\t\t<img fetchpriority=\"high\" decoding=\"async\" width=\"980\" height=\"980\" src=\"https:\/\/sis-vi.com\/wp-content\/uploads\/2024\/04\/visioninspectionwithringlight-1024x1024.png\" class=\"attachment-large size-large wp-image-525\" alt=\"\" srcset=\"https:\/\/sis-vi.com\/wp-content\/uploads\/2024\/04\/visioninspectionwithringlight-1024x1024.png 1024w, https:\/\/sis-vi.com\/wp-content\/uploads\/2024\/04\/visioninspectionwithringlight-300x300.png 300w, https:\/\/sis-vi.com\/wp-content\/uploads\/2024\/04\/visioninspectionwithringlight-150x150.png 150w, https:\/\/sis-vi.com\/wp-content\/uploads\/2024\/04\/visioninspectionwithringlight-768x768.png 768w, https:\/\/sis-vi.com\/wp-content\/uploads\/2024\/04\/visioninspectionwithringlight-600x600.png 600w, https:\/\/sis-vi.com\/wp-content\/uploads\/2024\/04\/visioninspectionwithringlight-100x100.png 100w, https:\/\/sis-vi.com\/wp-content\/uploads\/2024\/04\/visioninspectionwithringlight.png 1160w\" sizes=\"(max-width: 980px) 100vw, 980px\" \/>\t\t\t\t\t\t\t\t\t\t\t\t\t<\/div>\n\t\t\t\t<\/div>\n\t\t\t\t\t<\/div>\n\t\t<\/div>\n\t\t\t\t\t<\/div>\n\t\t<\/section>\n\t\t\t\t<section class=\"elementor-section elementor-top-section elementor-element elementor-element-1eee019 elementor-hidden-desktop elementor-hidden-tablet elementor-hidden-mobile elementor-section-boxed elementor-section-height-default elementor-section-height-default\" data-id=\"1eee019\" data-element_type=\"section\">\n\t\t\t\t\t\t<div class=\"elementor-container elementor-column-gap-default\">\n\t\t\t\t\t<div class=\"elementor-column elementor-col-100 elementor-top-column elementor-element elementor-element-7d5c711\" data-id=\"7d5c711\" data-element_type=\"column\">\n\t\t\t<div class=\"elementor-widget-wrap elementor-element-populated\">\n\t\t\t\t\t\t<div class=\"elementor-element elementor-element-6c72cc1 elementor-widget elementor-widget-heading\" data-id=\"6c72cc1\" data-element_type=\"widget\" data-widget_type=\"heading.default\">\n\t\t\t\t<div class=\"elementor-widget-container\">\n\t\t\t<h3 class='heading-left  divider-sm'  style=\"color:#000000\"><span>COMPANY HISTORY<\/span><\/h3>\t\t<\/div>\n\t\t\t\t<\/div>\n\t\t\t\t<div class=\"elementor-element elementor-element-674c835 elementor-widget elementor-widget-timeline\" data-id=\"674c835\" data-element_type=\"widget\" data-widget_type=\"timeline.default\">\n\t\t\t\t<div class=\"elementor-widget-container\">\n\t\t\t<div class='timeline'><div class=\"timeline-item\"><div class=\"timeline-year\">1982<\/div><div class=\"timeline-content\"><h3 class=\"timeline-title\">Humble beginnings <\/h3><div class=\"timeline-text\">Lorem ipsum dolor sit amet, consectetur adipiscing elit. Pellentesque ut maximus orci. Curabitur feugiat scelerisque bibendum. Cras auctor scelerisque metus quis lobortis. Donec ut imperdiet diam. Vestibulum ante ipsum primis in faucibus orci luctus et ultrices posuere cubilia Curae; Mauris tincidunt justo nisi, a viverra enim mollis non.<\/div><\/div><\/div><div class=\"timeline-item\"><div class=\"timeline-year\">1995<\/div><div class=\"timeline-content\"><h3 class=\"timeline-title\">New headquarters<\/h3><div class=\"timeline-text\">Lorem ipsum dolor sit amet, consectetur adipiscing elit. Pellentesque ut maximus orci. Curabitur feugiat scelerisque bibendum. Cras auctor scelerisque metus quis lobortis. Donec ut imperdiet diam. Vestibulum ante ipsum primis in faucibus orci luctus et ultrices posuere cubilia Curae; Mauris tincidunt justo nisi, a viverra enim mollis non.<\/div><\/div><\/div><div class=\"timeline-item\"><div class=\"timeline-year\">2010<\/div><div class=\"timeline-content\"><h3 class=\"timeline-title\">Opening 5 new locations<\/h3><div class=\"timeline-text\">Lorem ipsum dolor sit amet, consectetur adipiscing elit. Pellentesque ut maximus orci. Curabitur feugiat scelerisque bibendum. Cras auctor scelerisque metus quis lobortis. Donec ut imperdiet diam. Vestibulum ante ipsum primis in faucibus orci luctus et ultrices posuere cubilia Curae; Mauris tincidunt justo nisi, a viverra enim mollis non.<\/div><\/div><\/div><div class=\"timeline-item\"><div class=\"timeline-year\">2016<\/div><div class=\"timeline-content\"><h3 class=\"timeline-title\">World wide coverage<\/h3><div class=\"timeline-text\">Lorem ipsum dolor sit amet, consectetur adipiscing elit. Pellentesque ut maximus orci. Curabitur feugiat scelerisque bibendum. Cras auctor scelerisque metus quis lobortis. Donec ut imperdiet diam. Vestibulum ante ipsum primis in faucibus orci luctus et ultrices posuere cubilia Curae; Mauris tincidunt justo nisi, a viverra enim mollis non.<\/div><\/div><\/div><\/div>\t\t<\/div>\n\t\t\t\t<\/div>\n\t\t\t\t\t<\/div>\n\t\t<\/div>\n\t\t\t\t\t<\/div>\n\t\t<\/section>\n\t\t\t\t<section class=\"elementor-section elementor-top-section elementor-element elementor-element-adc6d88 elementor-hidden-desktop elementor-hidden-tablet elementor-hidden-mobile elementor-section-boxed elementor-section-height-default elementor-section-height-default\" data-id=\"adc6d88\" data-element_type=\"section\">\n\t\t\t\t\t\t<div class=\"elementor-container elementor-column-gap-default\">\n\t\t\t\t\t<div class=\"elementor-column elementor-col-100 elementor-top-column elementor-element elementor-element-0daa6c7\" data-id=\"0daa6c7\" data-element_type=\"column\">\n\t\t\t<div class=\"elementor-widget-wrap elementor-element-populated\">\n\t\t\t\t\t\t<div class=\"elementor-element elementor-element-758559a elementor-widget elementor-widget-heading\" data-id=\"758559a\" data-element_type=\"widget\" data-widget_type=\"heading.default\">\n\t\t\t\t<div class=\"elementor-widget-container\">\n\t\t\t<h3 class='heading-left  divider-sm'  style=\"color:#000000\"><span>EXPERIENCED TEAM<\/span><\/h3>\t\t<\/div>\n\t\t\t\t<\/div>\n\t\t\t\t\t<\/div>\n\t\t<\/div>\n\t\t\t\t\t<\/div>\n\t\t<\/section>\n\t\t\t\t<section class=\"elementor-section elementor-top-section elementor-element elementor-element-ac4b0a8 elementor-hidden-desktop elementor-hidden-tablet elementor-hidden-mobile elementor-section-boxed elementor-section-height-default elementor-section-height-default\" data-id=\"ac4b0a8\" data-element_type=\"section\">\n\t\t\t\t\t\t<div class=\"elementor-container elementor-column-gap-default\">\n\t\t\t\t\t<div class=\"elementor-column elementor-col-100 elementor-top-column elementor-element elementor-element-142b98d\" data-id=\"142b98d\" data-element_type=\"column\">\n\t\t\t<div class=\"elementor-widget-wrap elementor-element-populated\">\n\t\t\t\t\t\t<div class=\"elementor-element elementor-element-956c385 elementor-widget elementor-widget-team\" data-id=\"956c385\" data-element_type=\"widget\" data-widget_type=\"team.default\">\n\t\t\t\t<div class=\"elementor-widget-container\">\n\t\t\t<div class='team team-col-3'><div class='member'><div class='member-wrap'><div class='member-image'><a href='https:\/\/sis-vi.com\/en\/team\/mark-teran\/'><img decoding=\"async\" width=\"370\" height=\"273\" src=\"https:\/\/sis-vi.com\/wp-content\/uploads\/2020\/03\/team-1-2-2.jpg\" class=\"attachment-anps-team size-anps-team wp-post-image\" alt=\"\" srcset=\"https:\/\/sis-vi.com\/wp-content\/uploads\/2020\/03\/team-1-2-2.jpg 370w, https:\/\/sis-vi.com\/wp-content\/uploads\/2020\/03\/team-1-2-2-300x221.jpg 300w\" sizes=\"(max-width: 370px) 100vw, 370px\" \/><\/a><\/div><a href='https:\/\/sis-vi.com\/en\/team\/mark-teran\/'><h3 class='member-name'>Mark Teran<\/h3><\/a><p class='member-desc'>Lorem ipsum dolor sit amet, consectetur adipiscing elit. Sed convallis lacinia enim vel blandit. In placerat, ex nec sodales elementum.<\/p><\/div><\/div><div class='member'><div class='member-wrap'><div class='member-image'><a href='https:\/\/sis-vi.com\/en\/team\/steve-chemici\/'><img decoding=\"async\" width=\"370\" height=\"273\" src=\"https:\/\/sis-vi.com\/wp-content\/uploads\/2020\/03\/team-1-2-2.jpg\" class=\"attachment-anps-team size-anps-team wp-post-image\" alt=\"\" srcset=\"https:\/\/sis-vi.com\/wp-content\/uploads\/2020\/03\/team-1-2-2.jpg 370w, https:\/\/sis-vi.com\/wp-content\/uploads\/2020\/03\/team-1-2-2-300x221.jpg 300w\" sizes=\"(max-width: 370px) 100vw, 370px\" \/><\/a><\/div><a href='https:\/\/sis-vi.com\/en\/team\/steve-chemici\/'><h3 class='member-name'>Steve Chemici<\/h3><\/a><p class='member-desc'>Lorem ipsum dolor sit amet, consectetur adipiscing elit. Sed convallis lacinia enim vel blandit. In placerat, ex nec sodales elementum.<\/p><\/div><\/div><div class='member'><div class='member-wrap'><div class='member-image'><a href='https:\/\/sis-vi.com\/en\/team\/john-leader\/'><img decoding=\"async\" width=\"370\" height=\"273\" src=\"https:\/\/sis-vi.com\/wp-content\/uploads\/2020\/03\/team-1-2-2.jpg\" class=\"attachment-anps-team size-anps-team wp-post-image\" alt=\"\" srcset=\"https:\/\/sis-vi.com\/wp-content\/uploads\/2020\/03\/team-1-2-2.jpg 370w, https:\/\/sis-vi.com\/wp-content\/uploads\/2020\/03\/team-1-2-2-300x221.jpg 300w\" sizes=\"(max-width: 370px) 100vw, 370px\" \/><\/a><\/div><a href='https:\/\/sis-vi.com\/en\/team\/john-leader\/'><h3 class='member-name'>John Leader<\/h3><\/a><p class='member-desc'>Lorem ipsum dolor sit amet, consectetur adipiscing elit. Sed convallis lacinia enim vel blandit. In placerat, ex nec sodales elementum.<\/p><\/div><\/div><\/div>\t\t<\/div>\n\t\t\t\t<\/div>\n\t\t\t\t\t<\/div>\n\t\t<\/div>\n\t\t\t\t\t<\/div>\n\t\t<\/section>\n\t\t\t\t<\/div>","protected":false},"excerpt":{"rendered":"<p>CH\u1eee T\u00cdN L\u00c0M \u0110\u1ea6U TRONG KINH DOANH. \u201cTh\u01b0\u1edbc \u0111o cho th\u00e0nh c\u00f4ng c\u1ee7a ch\u00fang t\u00f4i l\u00e0 ni\u1ec1m tin v\u00e0 s\u1ef1 h\u00e0i l\u00f2ng c\u1ee7a kh\u00e1ch h\u00e0ng.\u201d C\u00f4ng Ty C\u1ed5 Ph\u1ea7n C\u00f4ng Ngh\u1ec7 SIS l\u00e0 c\u00f4ng ty ho\u1ea1t \u0111\u1ed9ng trong l\u0129nh v\u1ef1c &hellip;<\/p>","protected":false},"author":1,"featured_media":0,"parent":0,"menu_order":0,"comment_status":"closed","ping_status":"closed","template":"","meta":{"footnotes":""},"class_list":["post-710","page","type-page","status-publish","hentry"],"_links":{"self":[{"href":"https:\/\/sis-vi.com\/en\/wp-json\/wp\/v2\/pages\/710","targetHints":{"allow":["GET"]}}],"collection":[{"href":"https:\/\/sis-vi.com\/en\/wp-json\/wp\/v2\/pages"}],"about":[{"href":"https:\/\/sis-vi.com\/en\/wp-json\/wp\/v2\/types\/page"}],"author":[{"embeddable":true,"href":"https:\/\/sis-vi.com\/en\/wp-json\/wp\/v2\/users\/1"}],"replies":[{"embeddable":true,"href":"https:\/\/sis-vi.com\/en\/wp-json\/wp\/v2\/comments?post=710"}],"version-history":[{"count":25,"href":"https:\/\/sis-vi.com\/en\/wp-json\/wp\/v2\/pages\/710\/revisions"}],"predecessor-version":[{"id":1027,"href":"https:\/\/sis-vi.com\/en\/wp-json\/wp\/v2\/pages\/710\/revisions\/1027"}],"wp:attachment":[{"href":"https:\/\/sis-vi.com\/en\/wp-json\/wp\/v2\/media?parent=710"}],"curies":[{"name":"wp","href":"https:\/\/api.w.org\/{rel}","templated":true}]}}