{"id":716,"date":"2024-04-19T04:20:08","date_gmt":"2024-04-19T04:20:08","guid":{"rendered":"https:\/\/sis-vi.com\/?page_id=716"},"modified":"2024-06-10T08:51:49","modified_gmt":"2024-06-10T01:51:49","slug":"du-an","status":"publish","type":"page","link":"https:\/\/sis-vi.com\/en\/du-an\/","title":{"rendered":"Projects"},"content":{"rendered":"<div data-elementor-type=\"wp-page\" data-elementor-id=\"716\" class=\"elementor elementor-716\">\n\t\t\t\t\t\t<section class=\"elementor-section elementor-top-section elementor-element elementor-element-adc8f7f elementor-section-boxed elementor-section-height-default elementor-section-height-default\" data-id=\"adc8f7f\" data-element_type=\"section\">\n\t\t\t\t\t\t<div class=\"elementor-container elementor-column-gap-default\">\n\t\t\t\t\t<div class=\"elementor-column elementor-col-100 elementor-top-column elementor-element elementor-element-b140e5d\" data-id=\"b140e5d\" data-element_type=\"column\">\n\t\t\t<div class=\"elementor-widget-wrap elementor-element-populated\">\n\t\t\t\t\t\t<div class=\"elementor-element elementor-element-bf31754 elementor-widget elementor-widget-heading\" data-id=\"bf31754\" data-element_type=\"widget\" data-widget_type=\"heading.default\">\n\t\t\t\t<div class=\"elementor-widget-container\">\n\t\t\t<style>\/*! elementor - v3.20.0 - 10-04-2024 *\/\n.elementor-heading-title{padding:0;margin:0;line-height:1}.elementor-widget-heading .elementor-heading-title[class*=elementor-size-]>a{color:inherit;font-size:inherit;line-height:inherit}.elementor-widget-heading .elementor-heading-title.elementor-size-small{font-size:15px}.elementor-widget-heading .elementor-heading-title.elementor-size-medium{font-size:19px}.elementor-widget-heading .elementor-heading-title.elementor-size-large{font-size:29px}.elementor-widget-heading .elementor-heading-title.elementor-size-xl{font-size:39px}.elementor-widget-heading .elementor-heading-title.elementor-size-xxl{font-size:59px}<\/style><h2 class='heading-left mt-10 divider-sm'  style=\"color:#000000\"><span>OUR PROJECT<\/span><\/h2>\t\t<\/div>\n\t\t\t\t<\/div>\n\t\t\t\t\t<\/div>\n\t\t<\/div>\n\t\t\t\t\t<\/div>\n\t\t<\/section>\n\t\t<div class=\"elementor-element elementor-element-8349783 e-flex e-con-boxed e-con e-parent\" data-id=\"8349783\" data-element_type=\"container\" data-core-v316-plus=\"true\">\n\t\t\t\t\t<div class=\"e-con-inner\">\n\t\t\t\t<div class=\"elementor-element elementor-element-a7c7c4e elementor-widget elementor-widget-recent_portfolio\" data-id=\"a7c7c4e\" data-element_type=\"widget\" data-widget_type=\"recent_portfolio.default\">\n\t\t\t\t<div class=\"elementor-widget-container\">\n\t\t\t<div class=\"projects projects-recent\"><div class=\"projects-header clearfix\"><ul class=\"filter filter-dark pull-right\"><li><button data-filter=\"*\" class=\"selected\">All projects<\/button><\/li><li><button data-filter=\"classification\">Classification<\/button><\/li><li><button data-filter=\"do-luong\">\u0110o l\u01b0\u1eddng<\/button><\/li><li><button data-filter=\"dan-huong\">Guide<\/button><\/li><li><button data-filter=\"thiet-bi-dien-tu\">Electronics<\/button><\/li><li><button data-filter=\"nganh-thuc-pham\">Inspection<\/button><\/li><\/ul><\/div><div class=\"row projects-content\"><div class='projects-item col-xs-6 col-md-4 dan-huong do-luong thiet-bi-dien-tu'><div class=\"projects-item-wrap\"><img fetchpriority=\"high\" decoding=\"async\" width=\"350\" height=\"250\" src=\"https:\/\/sis-vi.com\/wp-content\/uploads\/2020\/03\/project-3.jpg\" class=\"attachment-anps-portfolio size-anps-portfolio wp-post-image\" alt=\"\" srcset=\"https:\/\/sis-vi.com\/wp-content\/uploads\/2020\/03\/project-3.jpg 350w, https:\/\/sis-vi.com\/wp-content\/uploads\/2020\/03\/project-3-300x214.jpg 300w\" sizes=\"(max-width: 350px) 100vw, 350px\" \/><div class=\"project-hover-bg\"><\/div><div class=\"project-hover\"><h3 class='project-title text-uppercase'>Production of LED lights<\/h3><p>Create, inspect, and package high-quality LED parts at line speed Cost-effective production of mini LEDs requires speed, precision, and the ability to track\u2026<\/p><a class='btn btn-md' href='https:\/\/sis-vi.com\/en\/portfolio\/san-xuat-den-led\/'>Read More<\/a><\/div><\/div><\/div><div class='projects-item col-xs-6 col-md-4 classification dan-huong thiet-bi-dien-tu'><div class=\"projects-item-wrap\"><img decoding=\"async\" width=\"350\" height=\"250\" src=\"https:\/\/sis-vi.com\/wp-content\/uploads\/2020\/03\/project-2.jpg\" class=\"attachment-anps-portfolio size-anps-portfolio wp-post-image\" alt=\"\" srcset=\"https:\/\/sis-vi.com\/wp-content\/uploads\/2020\/03\/project-2.jpg 350w, https:\/\/sis-vi.com\/wp-content\/uploads\/2020\/03\/project-2-300x214.jpg 300w\" sizes=\"(max-width: 350px) 100vw, 350px\" \/><div class=\"project-hover-bg\"><\/div><div class=\"project-hover\"><h3 class='project-title text-uppercase'>Electronic Systems<\/h3><p>Quickly classify and inspect electrical components for damage Cognex vision products with color and shape recognition tools help electrical component manufacturers\u2026<\/p><a class='btn btn-md' href='https:\/\/sis-vi.com\/en\/portfolio\/cum-cong-nghiep\/'>Read More<\/a><\/div><\/div><\/div><div class='projects-item col-xs-6 col-md-4 dan-huong do-luong'><div class=\"projects-item-wrap\"><img decoding=\"async\" width=\"350\" height=\"250\" src=\"https:\/\/sis-vi.com\/wp-content\/uploads\/2020\/03\/project-6.jpg\" class=\"attachment-anps-portfolio size-anps-portfolio wp-post-image\" alt=\"\" srcset=\"https:\/\/sis-vi.com\/wp-content\/uploads\/2020\/03\/project-6.jpg 350w, https:\/\/sis-vi.com\/wp-content\/uploads\/2020\/03\/project-6-300x214.jpg 300w\" sizes=\"(max-width: 350px) 100vw, 350px\" \/><div class=\"project-hover-bg\"><\/div><div class=\"project-hover\"><h3 class='project-title text-uppercase'>Machinery Manufacturer and Supplier<\/h3><p>Optimizing Machines and Processes for Maximum Profits Machine builders and Original Equipment Manufacturer (OEM) equipment suppliers often have to balance the needs\u2026<\/p><a class='btn btn-md' href='https:\/\/sis-vi.com\/en\/portfolio\/nha-che-tao-va-cung-cap-may-moc\/'>Read More<\/a><\/div><\/div><\/div><div class='projects-item col-xs-6 col-md-4 dan-huong nganh-thuc-pham thiet-bi-dien-tu'><div class=\"projects-item-wrap\"><img loading=\"lazy\" decoding=\"async\" width=\"350\" height=\"250\" src=\"https:\/\/sis-vi.com\/wp-content\/uploads\/2020\/03\/project-4.jpg\" class=\"attachment-anps-portfolio size-anps-portfolio wp-post-image\" alt=\"\" srcset=\"https:\/\/sis-vi.com\/wp-content\/uploads\/2020\/03\/project-4.jpg 350w, https:\/\/sis-vi.com\/wp-content\/uploads\/2020\/03\/project-4-300x214.jpg 300w\" sizes=\"(max-width: 350px) 100vw, 350px\" \/><div class=\"project-hover-bg\"><\/div><div class=\"project-hover\"><h3 class='project-title text-uppercase'>Chassis System<\/h3><p>Speed up the assembly process and quick inspection of vehicle body panels. The Cognex 3D vision system is mounted in a fixed position or on a robot capable of measuring distance and flatness...<\/p><a class='btn btn-md' href='https:\/\/sis-vi.com\/en\/portfolio\/he-thong-khung-gam\/'>Read More<\/a><\/div><\/div><\/div><div class='projects-item col-xs-6 col-md-4 dan-huong do-luong'><div class=\"projects-item-wrap\"><img loading=\"lazy\" decoding=\"async\" width=\"350\" height=\"250\" src=\"https:\/\/sis-vi.com\/wp-content\/uploads\/2020\/03\/project-1.jpg\" class=\"attachment-anps-portfolio size-anps-portfolio wp-post-image\" alt=\"\" srcset=\"https:\/\/sis-vi.com\/wp-content\/uploads\/2020\/03\/project-1.jpg 350w, https:\/\/sis-vi.com\/wp-content\/uploads\/2020\/03\/project-1-300x214.jpg 300w\" sizes=\"(max-width: 350px) 100vw, 350px\" \/><div class=\"project-hover-bg\"><\/div><div class=\"project-hover\"><h3 class='project-title text-uppercase'>Water recycling pipes<\/h3><p><\/p><a class='btn btn-md' href='https:\/\/sis-vi.com\/en\/portfolio\/duong-ong-tai-che-nuoc\/'>Read More<\/a><\/div><\/div><\/div><\/div><div class=\"projects-pagination\"><button class=\"prev\"><i class=\"fa fa-angle-left\"><\/i><\/button><button class=\"next\"><i class=\"fa fa-angle-right\"><\/i><\/button><\/div><\/div>\t\t<\/div>\n\t\t\t\t<\/div>\n\t\t\t\t\t<\/div>\n\t\t\t\t<\/div>\n\t\t<div class=\"elementor-element elementor-element-74a236d e-flex e-con-boxed e-con e-parent\" data-id=\"74a236d\" data-element_type=\"container\" data-core-v316-plus=\"true\">\n\t\t\t\t\t<div class=\"e-con-inner\">\n\t\t\t\t\t<\/div>\n\t\t\t\t<\/div>\n\t\t\t\t<\/div>","protected":false},"excerpt":{"rendered":"<p>D\u1ef0 \u00c1N C\u1ee6A CH\u00daNG T\u00d4I All projects Thi\u1ebft b\u1ecb t\u1ef1 \u0111\u1ed9ng h\u00f3a \u00d4 t\u00f4 S\u1ea3n ph\u1ea9m ti\u00eau d\u00f9ng Thi\u1ebft b\u1ecb \u0111i\u1ec7n t\u1eed Ng\u00e0nh th\u1ef1c ph\u1ea9m D\u01b0\u1ee3c ph\u1ea9m v\u00e0 y t\u1ebf \u1ee8ng d\u1ee5ng S\u1ea3n xu\u1ea5t \u0111\u00e8n led T\u1ea1o, ki\u1ec3m tra v\u00e0 &hellip;<\/p>","protected":false},"author":1,"featured_media":0,"parent":0,"menu_order":0,"comment_status":"closed","ping_status":"closed","template":"","meta":{"footnotes":""},"class_list":["post-716","page","type-page","status-publish","hentry"],"_links":{"self":[{"href":"https:\/\/sis-vi.com\/en\/wp-json\/wp\/v2\/pages\/716","targetHints":{"allow":["GET"]}}],"collection":[{"href":"https:\/\/sis-vi.com\/en\/wp-json\/wp\/v2\/pages"}],"about":[{"href":"https:\/\/sis-vi.com\/en\/wp-json\/wp\/v2\/types\/page"}],"author":[{"embeddable":true,"href":"https:\/\/sis-vi.com\/en\/wp-json\/wp\/v2\/users\/1"}],"replies":[{"embeddable":true,"href":"https:\/\/sis-vi.com\/en\/wp-json\/wp\/v2\/comments?post=716"}],"version-history":[{"count":39,"href":"https:\/\/sis-vi.com\/en\/wp-json\/wp\/v2\/pages\/716\/revisions"}],"predecessor-version":[{"id":2400,"href":"https:\/\/sis-vi.com\/en\/wp-json\/wp\/v2\/pages\/716\/revisions\/2400"}],"wp:attachment":[{"href":"https:\/\/sis-vi.com\/en\/wp-json\/wp\/v2\/media?parent=716"}],"curies":[{"name":"wp","href":"https:\/\/api.w.org\/{rel}","templated":true}]}}