{"id":726,"date":"2024-04-19T04:32:01","date_gmt":"2024-04-19T04:32:01","guid":{"rendered":"https:\/\/sis-vi.com\/?page_id=726"},"modified":"2024-04-22T15:23:15","modified_gmt":"2024-04-22T08:23:15","slug":"tin-tuc","status":"publish","type":"page","link":"https:\/\/sis-vi.com\/en\/tin-tuc\/","title":{"rendered":"News"},"content":{"rendered":"<div data-elementor-type=\"wp-page\" data-elementor-id=\"726\" class=\"elementor elementor-726\">\n\t\t\t\t\t\t<section class=\"elementor-section elementor-top-section elementor-element elementor-element-210e071 elementor-section-boxed elementor-section-height-default elementor-section-height-default\" data-id=\"210e071\" data-element_type=\"section\">\n\t\t\t\t\t\t<div class=\"elementor-container elementor-column-gap-default\">\n\t\t\t\t\t<div class=\"elementor-column elementor-col-100 elementor-top-column elementor-element elementor-element-d33b753\" data-id=\"d33b753\" data-element_type=\"column\">\n\t\t\t<div class=\"elementor-widget-wrap elementor-element-populated\">\n\t\t\t\t\t\t<div class=\"elementor-element elementor-element-76d5d30 elementor-widget elementor-widget-blog\" data-id=\"76d5d30\" data-element_type=\"widget\" data-widget_type=\"blog.default\">\n\t\t\t\t<div class=\"elementor-widget-container\">\n\t\t\t<div class='row anps-blog'><div class=\"col-md-6\">\n    <article id=\"post-1672\" class=\"post-1672 post type-post status-publish format-standard hentry category-uncategorized\">\n        <header class=\"entry-header\">\n                        <a href=\"https:\/\/sis-vi.com\/en\/udi-marking\/\"><h3 class=\"post-title entry-title text-uppercase\">UDI MARKING<\/h3><\/a>\n            <ul class='post-meta'><li>\n                <i class='fa fa-calendar'><\/i>\n                <time datetime='2024-06-11 11:45'>June 11, 2024<\/time>\n            <\/li><li>\n                <i class='fa fa-commenting-o'><\/i>\n                No Comments\n            <\/li><\/ul>        <\/header>\n        <div class=\"post-content entry-content\">\n            <div class=\"post-desc clearfix\">\n                UDI Marking bao g\u1ed3m s\u1ed1 nh\u1eadn d\u1ea1ng thi\u1ebft b\u1ecb v\u00e0 s\u1ea3n xu\u1ea5t v\u1edbi th\u00f4ng tin quan tr\u1ecdng nh\u01b0 s\u1ed1 l\u00f4, s\u1ed1 s\u00ea-ri, ng\u00e0y s\u1ea3n xu\u1ea5t v\u00e0 ng\u00e0y h\u1ebft h\u1ea1n. D\u1ea5u ph\u1ea3i c\u00f3 th\u1ec3 \u0111\u1ecdc v\u00e0 gi\u1ea3i m\u00e3 \u0111\u01b0\u1ee3c trong su\u1ed1t &hellip;            <\/div>\n            <a href=\"https:\/\/sis-vi.com\/en\/udi-marking\/\" class=\"btn btn-md btn-gradient btn-shadow\">Read More<\/a>\n        <\/div>\n    <\/article>\n<\/div>\n<div class=\"col-md-6\">\n    <article id=\"post-1663\" class=\"post-1663 post type-post status-publish format-standard hentry category-uncategorized\">\n        <header class=\"entry-header\">\n                        <a href=\"https:\/\/sis-vi.com\/en\/package-integrity-and-sterility\/\"><h3 class=\"post-title entry-title text-uppercase\">\u0110\u00d3NG G\u00d3I &#038; V\u00d4 TR\u00d9NG<\/h3><\/a>\n            <ul class='post-meta'><li>\n                <i class='fa fa-calendar'><\/i>\n                <time datetime='2024-06-11 10:48'>June 11, 2024<\/time>\n            <\/li><li>\n                <i class='fa fa-commenting-o'><\/i>\n                No Comments\n            <\/li><\/ul>        <\/header>\n        <div class=\"post-content entry-content\">\n            <div class=\"post-desc clearfix\">\n                Ki\u1ec3m tra Seal v\u1edbi AI T\u00ednh to\u00e0n v\u1eb9n c\u1ee7a bao b\u00ec, nh\u00e3n v\u00e0 ni\u00eam phong l\u00e0 r\u1ea5t quan tr\u1ecdng \u0111\u1ec3 \u0111\u1ea3m b\u1ea3o bao b\u00ec ch\u00ednh x\u00e1c, v\u00f4 tr\u00f9ng v\u00e0 kh\u00f4ng c\u00f3 t\u1ea1p ch\u1ea5t khi \u0111\u1ebfn v\u0103n ph\u00f2ng b\u00e1c s\u0129 ho\u1eb7c &hellip;            <\/div>\n            <a href=\"https:\/\/sis-vi.com\/en\/package-integrity-and-sterility\/\" class=\"btn btn-md btn-gradient btn-shadow\">Read More<\/a>\n        <\/div>\n    <\/article>\n<\/div>\n<div class=\"col-md-6\">\n    <article id=\"post-1653\" class=\"post-1653 post type-post status-publish format-standard hentry category-uncategorized\">\n        <header class=\"entry-header\">\n                        <a href=\"https:\/\/sis-vi.com\/en\/pack-assembly-and-kit-inspection\/\"><h3 class=\"post-title entry-title text-uppercase\">L\u1eaeP R\u00c1P G\u00d3I V\u00c0 KI\u1ec2M TRA B\u1ed8 D\u1ee4NG C\u1ee4<\/h3><\/a>\n            <ul class='post-meta'><li>\n                <i class='fa fa-calendar'><\/i>\n                <time datetime='2024-06-11 10:44'>June 11, 2024<\/time>\n            <\/li><li>\n                <i class='fa fa-commenting-o'><\/i>\n                No Comments\n            <\/li><\/ul>        <\/header>\n        <div class=\"post-content entry-content\">\n            <div class=\"post-desc clearfix\">\n                C\u00e1c \u1ee9ng d\u1ee5ng \u0111\u00f3ng g\u00f3i b\u1ed9 d\u1ee5ng c\u1ee5 ho\u1eb7c h\u1ec7 th\u1ed1ng v\u00e0 quy tr\u00ecnh ph\u1ea3i x\u00e1c minh r\u1eb1ng m\u1ee5c ch\u00ednh x\u00e1c \u1edf \u0111\u00fang v\u1ecb tr\u00ed c\u1ee7a b\u1ed9 d\u1ee5ng c\u1ee5 v\u00e0 x\u00e1c nh\u1eadn s\u1ef1 hi\u1ec7n di\u1ec7n hay v\u1eafng m\u1eb7t c\u1ee7a c\u00e1c &hellip;            <\/div>\n            <a href=\"https:\/\/sis-vi.com\/en\/pack-assembly-and-kit-inspection\/\" class=\"btn btn-md btn-gradient btn-shadow\">Read More<\/a>\n        <\/div>\n    <\/article>\n<\/div>\n<div class=\"col-md-6\">\n    <article id=\"post-1644\" class=\"post-1644 post type-post status-publish format-standard hentry category-uncategorized\">\n        <header class=\"entry-header\">\n                        <a href=\"https:\/\/sis-vi.com\/en\/pack-aggregation-and-palletization\/\"><h3 class=\"post-title entry-title text-uppercase\">T\u1ed4NG H\u1ee2P \u0110\u00d3NG G\u00d3I V\u00c0 X\u1ebeP PALLET<\/h3><\/a>\n            <ul class='post-meta'><li>\n                <i class='fa fa-calendar'><\/i>\n                <time datetime='2024-06-11 10:21'>June 11, 2024<\/time>\n            <\/li><li>\n                <i class='fa fa-commenting-o'><\/i>\n                No Comments\n            <\/li><\/ul>        <\/header>\n        <div class=\"post-content entry-content\">\n            <div class=\"post-desc clearfix\">\n                \u0110\u1ec3 chu\u1ea9n b\u1ecb v\u1eadn chuy\u1ec3n, b\u1ed9 d\u1ee5ng c\u1ee5 \u0111\u01b0\u1ee3c t\u1ed5ng h\u1ee3p th\u00e0nh c\u00e1c tr\u01b0\u1eddng h\u1ee3p theo \u0111\u01a1n \u0111\u1eb7t h\u00e0ng c\u1ee5 th\u1ec3 v\u00e0 sau \u0111\u00f3 \u0111\u1eb7t tr\u00ean pallet. T\u00ednh ch\u00ednh x\u00e1c c\u1ee7a n\u1ed9i dung v\u1ee5 \u00e1n ph\u1ea3i \u0111\u01b0\u1ee3c x\u00e1c minh v\u00e0 &hellip;            <\/div>\n            <a href=\"https:\/\/sis-vi.com\/en\/pack-aggregation-and-palletization\/\" class=\"btn btn-md btn-gradient btn-shadow\">Read More<\/a>\n        <\/div>\n    <\/article>\n<\/div>\n<div class=\"col-md-6\">\n    <article id=\"post-1614\" class=\"post-1614 post type-post status-publish format-standard hentry category-uncategorized\">\n        <header class=\"entry-header\">\n                        <a href=\"https:\/\/sis-vi.com\/en\/medical-device-traceability\/\"><h3 class=\"post-title entry-title text-uppercase\">TRUY XU\u1ea4T NGU\u1ed2N G\u1ed0C THI\u1ebeT B\u1eca Y T\u1ebe<\/h3><\/a>\n            <ul class='post-meta'><li>\n                <i class='fa fa-calendar'><\/i>\n                <time datetime='2024-06-11 10:59'>June 11, 2024<\/time>\n            <\/li><li>\n                <i class='fa fa-commenting-o'><\/i>\n                No Comments\n            <\/li><\/ul>        <\/header>\n        <div class=\"post-content entry-content\">\n            <div class=\"post-desc clearfix\">\n                Sau qu\u00e1 tr\u00ecnh \u0111\u00e1nh d\u1ea5u ho\u1eb7c in nh\u00e3n, m\u00e3 c\u00f3 th\u1ec3 c\u00f3 \u0111\u1ed9 t\u01b0\u01a1ng ph\u1ea3n th\u1ea5p ho\u1eb7c b\u1ecb h\u1ecfng, l\u00f5m, \u0111\u01b0\u1ee3c \u0111\u00e1nh d\u1ea5u tr\u00ean b\u1ec1 m\u1eb7t s\u00e1ng b\u00f3ng ho\u1eb7c tr\u1eafng ho\u1eb7c \u0111\u01b0\u1ee3c in d\u01b0\u1edbi m\u00e0ng co khi\u1ebfn ch\u00fang kh\u00f3 theo &hellip;            <\/div>\n            <a href=\"https:\/\/sis-vi.com\/en\/medical-device-traceability\/\" class=\"btn btn-md btn-gradient btn-shadow\">Read More<\/a>\n        <\/div>\n    <\/article>\n<\/div>\n<div class=\"col-md-6\">\n    <article id=\"post-1558\" class=\"post-1558 post type-post status-publish format-standard hentry category-uncategorized\">\n        <header class=\"entry-header\">\n                        <a href=\"https:\/\/sis-vi.com\/en\/medical-device-part-inspection\/\"><h3 class=\"post-title entry-title text-uppercase\">MEDICAL DEVICE PART INSPECTION<\/h3><\/a>\n            <ul class='post-meta'><li>\n                <i class='fa fa-calendar'><\/i>\n                <time datetime='2024-06-11 09:06'>June 11, 2024<\/time>\n            <\/li><li>\n                <i class='fa fa-commenting-o'><\/i>\n                No Comments\n            <\/li><\/ul>        <\/header>\n        <div class=\"post-content entry-content\">\n            <div class=\"post-desc clearfix\">\n                Medical devices come in many complex shapes, sizes, and materials, from a shiny metal knee replacement to the small webbing of a stent. Because medical devices are used on or implanted inside the human body, quality inspection of the part &hellip;            <\/div>\n            <a href=\"https:\/\/sis-vi.com\/en\/medical-device-part-inspection\/\" class=\"btn btn-md btn-gradient btn-shadow\">Read More<\/a>\n        <\/div>\n    <\/article>\n<\/div>\n<\/div><ul class='page-numbers'>\n\t<li><span aria-current=\"page\" class=\"page-numbers current\">1<\/span><\/li>\n\t<li><a class=\"page-numbers\" href=\"https:\/\/sis-vi.com\/en\/wp-json\/wp\/v2\/pages\/726\/page\/2\/\">2<\/a><\/li>\n\t<li><a class=\"page-numbers\" href=\"https:\/\/sis-vi.com\/en\/wp-json\/wp\/v2\/pages\/726\/page\/3\/\">3<\/a><\/li>\n\t<li><span class=\"page-numbers dots\">&hellip;<\/span><\/li>\n\t<li><a class=\"page-numbers\" href=\"https:\/\/sis-vi.com\/en\/wp-json\/wp\/v2\/pages\/726\/page\/5\/\">5<\/a><\/li>\n\t<li><a class=\"next page-numbers\" href=\"https:\/\/sis-vi.com\/en\/wp-json\/wp\/v2\/pages\/726\/page\/2\/\">Next <i class=\"fa fa-angle-right\"><\/i><\/a><\/li>\n<\/ul>\n\t\t<\/div>\n\t\t\t\t<\/div>\n\t\t\t\t\t<\/div>\n\t\t<\/div>\n\t\t\t\t\t<\/div>\n\t\t<\/section>\n\t\t\t\t<\/div>","protected":false},"excerpt":{"rendered":"<p>D\u1eaaN H\u01af\u1edaNG ROBOT Th\u00e1ng T\u01b0 19, 2024 Kh\u00f4ng c\u00f3 b\u00ecnh lu\u1eadn Camera \u0110\u00f3ng Vai Tr\u00f2 D\u1eabn H\u01b0\u1edbng Gi\u00fap Cho Robot G\u1eafp V\u00e0 Nh\u1ea3 S\u1ea3n Ph\u1ea9m \u0110\u1ee9ng Y\u00ean Ho\u1eb7c Di Chuy\u1ec3n V\u1edbi \u0110\u1ed9 Ch\u00ednh X\u00e1c R\u1ea5t Cao, Gi\u00fap Gi\u1ea3i Ph\u00f3ng C\u00f4ng &hellip;<\/p>","protected":false},"author":1,"featured_media":0,"parent":0,"menu_order":0,"comment_status":"closed","ping_status":"closed","template":"","meta":{"footnotes":""},"class_list":["post-726","page","type-page","status-publish","hentry"],"_links":{"self":[{"href":"https:\/\/sis-vi.com\/en\/wp-json\/wp\/v2\/pages\/726","targetHints":{"allow":["GET"]}}],"collection":[{"href":"https:\/\/sis-vi.com\/en\/wp-json\/wp\/v2\/pages"}],"about":[{"href":"https:\/\/sis-vi.com\/en\/wp-json\/wp\/v2\/types\/page"}],"author":[{"embeddable":true,"href":"https:\/\/sis-vi.com\/en\/wp-json\/wp\/v2\/users\/1"}],"replies":[{"embeddable":true,"href":"https:\/\/sis-vi.com\/en\/wp-json\/wp\/v2\/comments?post=726"}],"version-history":[{"count":4,"href":"https:\/\/sis-vi.com\/en\/wp-json\/wp\/v2\/pages\/726\/revisions"}],"predecessor-version":[{"id":862,"href":"https:\/\/sis-vi.com\/en\/wp-json\/wp\/v2\/pages\/726\/revisions\/862"}],"wp:attachment":[{"href":"https:\/\/sis-vi.com\/en\/wp-json\/wp\/v2\/media?parent=726"}],"curies":[{"name":"wp","href":"https:\/\/api.w.org\/{rel}","templated":true}]}}