{"id":1784,"date":"2024-08-27T10:10:36","date_gmt":"2024-08-27T03:10:36","guid":{"rendered":"https:\/\/sis-vi.com\/?post_type=product&#038;p=1784"},"modified":"2024-10-15T17:57:47","modified_gmt":"2024-10-15T10:57:47","slug":"smc-aircylinder-cm2","status":"publish","type":"product","link":"https:\/\/sis-vi.com\/en\/product\/smc-aircylinder-cm2\/","title":{"rendered":"Xylanh kh\u00ed CM2\/CDM2"},"content":{"rendered":"<p><img fetchpriority=\"high\" decoding=\"async\" class=\"wp-image-2569 alignleft\" src=\"https:\/\/sis-vi.com\/wp-content\/uploads\/2024\/08\/CDM2.jpg\" alt=\"\" width=\"302\" height=\"225\" srcset=\"https:\/\/sis-vi.com\/wp-content\/uploads\/2024\/08\/CDM2.jpg 180w, https:\/\/sis-vi.com\/wp-content\/uploads\/2024\/08\/CDM2-16x12.jpg 16w\" sizes=\"(max-width: 302px) 100vw, 302px\" \/>\u30fb\u0110\u1ea7u ren c\u00e1i\u00a0 c\u00f3 s\u1eb5n theo ti\u00eau chu\u1ea9n.<br \/>\n\u30fbD\u1ec5 d\u00e0ng tinh ch\u1ec9nh v\u1ecb tr\u00ed chuy\u1ec3n \u0111\u1ed5i t\u1ef1 \u0111\u1ed9ng<br \/>\n\u30fbC\u00f3 s\u1eb5n gi\u00e1 \u0111\u1ee1 tr\u1ee5c clevis v\u00e0 trunnion \u0111\u01a1n.<br \/>\n\u30fbS\u1ed1 b\u1ed9 ph\u1eadn c\u00f3 gi\u00e1 \u0111\u1ee1 \u0111\u1ea7u que v\u00e0 \/ ho\u1eb7c gi\u00e1 \u0111\u1ee1 tr\u1ee5c c\u00f3 s\u1eb5n.<br \/>\n(Kh\u00f4ng c\u1ea7n thi\u1ebft ph\u1ea3i \u0111\u1eb7t gi\u00e1 \u0111\u1ee1 cho xi lanh \u00e1p d\u1ee5ng ri\u00eang bi\u1ec7t.)<br \/>\n\u30fbV\u1edbi c\u1ea3m bi\u1ebfn\u00a0 (d\u00f2ng CDM2-Z: CDM2, CDM2W, CDM2K, CDM2KW,<br \/>\nCDM2R, CDM2RK, CDM2\u25a1P, CDBM2)<\/p>","protected":false},"excerpt":{"rendered":"<p>\u30fb\u0110\u1ea7u ren c\u00e1i\u00a0 c\u00f3 s\u1eb5n theo ti\u00eau chu\u1ea9n. \u30fbD\u1ec5 d\u00e0ng tinh ch\u1ec9nh v\u1ecb tr\u00ed chuy\u1ec3n \u0111\u1ed5i t\u1ef1 \u0111\u1ed9ng \u30fbC\u00f3 s\u1eb5n gi\u00e1 \u0111\u1ee1 tr\u1ee5c clevis v\u00e0 trunnion \u0111\u01a1n. \u30fbS\u1ed1 b\u1ed9 ph\u1eadn c\u00f3 gi\u00e1 \u0111\u1ee1 \u0111\u1ea7u que v\u00e0 \/ ho\u1eb7c gi\u00e1 \u0111\u1ee1 &hellip;<\/p>","protected":false},"featured_media":2569,"comment_status":"open","ping_status":"closed","template":"","meta":[],"product_cat":[42],"product_tag":[],"class_list":{"0":"post-1784","1":"product","2":"type-product","3":"status-publish","4":"has-post-thumbnail","6":"product_cat-smc","8":"first","9":"instock","10":"shipping-taxable","11":"product-type-simple"},"_links":{"self":[{"href":"https:\/\/sis-vi.com\/en\/wp-json\/wp\/v2\/product\/1784","targetHints":{"allow":["GET"]}}],"collection":[{"href":"https:\/\/sis-vi.com\/en\/wp-json\/wp\/v2\/product"}],"about":[{"href":"https:\/\/sis-vi.com\/en\/wp-json\/wp\/v2\/types\/product"}],"replies":[{"embeddable":true,"href":"https:\/\/sis-vi.com\/en\/wp-json\/wp\/v2\/comments?post=1784"}],"wp:featuredmedia":[{"embeddable":true,"href":"https:\/\/sis-vi.com\/en\/wp-json\/wp\/v2\/media\/2569"}],"wp:attachment":[{"href":"https:\/\/sis-vi.com\/en\/wp-json\/wp\/v2\/media?parent=1784"}],"wp:term":[{"taxonomy":"product_cat","embeddable":true,"href":"https:\/\/sis-vi.com\/en\/wp-json\/wp\/v2\/product_cat?post=1784"},{"taxonomy":"product_tag","embeddable":true,"href":"https:\/\/sis-vi.com\/en\/wp-json\/wp\/v2\/product_tag?post=1784"}],"curies":[{"name":"wp","href":"https:\/\/api.w.org\/{rel}","templated":true}]}}