{"id":1810,"date":"2024-08-27T10:24:47","date_gmt":"2024-08-27T03:24:47","guid":{"rendered":"https:\/\/sis-vi.com\/?post_type=product&#038;p=1810"},"modified":"2024-10-01T14:54:47","modified_gmt":"2024-10-01T07:54:47","slug":"barcode-reader-product-portfolio","status":"publish","type":"product","link":"https:\/\/sis-vi.com\/en\/product\/barcode-reader-product-portfolio\/","title":{"rendered":"In-Sight 3800 Vision System"},"content":{"rendered":"<p><strong>Meet higher quality standards with powerful image formation<\/strong><\/p>\n<p><img decoding=\"async\" class=\"wp-image-2411 size-medium alignleft\" src=\"https:\/\/sis-vi.com\/wp-content\/uploads\/2024\/08\/image-formation-is-3800-300x161.jpg\" alt=\"\" width=\"300\" height=\"161\" srcset=\"https:\/\/sis-vi.com\/wp-content\/uploads\/2024\/08\/image-formation-is-3800-300x161.jpg 300w, https:\/\/sis-vi.com\/wp-content\/uploads\/2024\/08\/image-formation-is-3800-768x412.jpg 768w, https:\/\/sis-vi.com\/wp-content\/uploads\/2024\/08\/image-formation-is-3800-18x10.jpg 18w, https:\/\/sis-vi.com\/wp-content\/uploads\/2024\/08\/image-formation-is-3800-600x322.jpg 600w, https:\/\/sis-vi.com\/wp-content\/uploads\/2024\/08\/image-formation-is-3800.jpg 800w\" sizes=\"(max-width: 300px) 100vw, 300px\" \/>Ch\u1ee5p \u1ea3nh \u0111\u1ed9 ph\u00e2n gi\u1ea3i cao c\u1ee7a b\u1ea5t k\u1ef3 s\u1ea3n ph\u1ea9m n\u00e0o trong m\u1ecdi m\u00f4i tr\u01b0\u1eddng. \u00c1nh s\u00e1ng \u0111a m\u00e0u (RGBW v\u00e0 IR) t\u1ed1i \u01b0u h\u00f3a s\u1ef1 h\u00ecnh th\u00e0nh h\u00ecnh \u1ea3nh, t\u1ed1i \u0111a h\u00f3a \u0111\u1ed9 t\u01b0\u01a1ng ph\u1ea3n v\u00e0 chi\u1ebfu s\u00e1ng, b\u1ea5t k\u1ec3 \u0111i\u1ec1u ki\u1ec7n ho\u1ea1t \u0111\u1ed9ng. Ch\u1ec9 c\u1ea7n nh\u1ea5p v\u00e0o n\u00fat \u0111\u1ec3 thay \u0111\u1ed5i m\u00e0u s\u00e1ng v\u00e0 t\u1ea1o h\u00ecnh \u1ea3nh c\u00f3 \u0111\u1ed9 ph\u00e2n gi\u1ea3i cao \u0111\u1ec3 ki\u1ec3m tra ch\u00ednh x\u00e1c h\u01a1n.<\/p>\n<p>&nbsp;<\/p>","protected":false},"excerpt":{"rendered":"<p>Meet higher quality standards with powerful image formation Ch\u1ee5p \u1ea3nh \u0111\u1ed9 ph\u00e2n gi\u1ea3i cao c\u1ee7a b\u1ea5t k\u1ef3 s\u1ea3n ph\u1ea9m n\u00e0o trong m\u1ecdi m\u00f4i tr\u01b0\u1eddng. \u00c1nh s\u00e1ng \u0111a m\u00e0u (RGBW v\u00e0 IR) t\u1ed1i \u01b0u h\u00f3a s\u1ef1 h\u00ecnh th\u00e0nh h\u00ecnh \u1ea3nh, t\u1ed1i &hellip;<\/p>","protected":false},"featured_media":2405,"comment_status":"open","ping_status":"closed","template":"","meta":[],"product_cat":[33],"product_tag":[],"class_list":{"0":"post-1810","1":"product","2":"type-product","3":"status-publish","4":"has-post-thumbnail","6":"product_cat-cognex","8":"first","9":"instock","10":"shipping-taxable","11":"product-type-simple"},"_links":{"self":[{"href":"https:\/\/sis-vi.com\/en\/wp-json\/wp\/v2\/product\/1810","targetHints":{"allow":["GET"]}}],"collection":[{"href":"https:\/\/sis-vi.com\/en\/wp-json\/wp\/v2\/product"}],"about":[{"href":"https:\/\/sis-vi.com\/en\/wp-json\/wp\/v2\/types\/product"}],"replies":[{"embeddable":true,"href":"https:\/\/sis-vi.com\/en\/wp-json\/wp\/v2\/comments?post=1810"}],"wp:featuredmedia":[{"embeddable":true,"href":"https:\/\/sis-vi.com\/en\/wp-json\/wp\/v2\/media\/2405"}],"wp:attachment":[{"href":"https:\/\/sis-vi.com\/en\/wp-json\/wp\/v2\/media?parent=1810"}],"wp:term":[{"taxonomy":"product_cat","embeddable":true,"href":"https:\/\/sis-vi.com\/en\/wp-json\/wp\/v2\/product_cat?post=1810"},{"taxonomy":"product_tag","embeddable":true,"href":"https:\/\/sis-vi.com\/en\/wp-json\/wp\/v2\/product_tag?post=1810"}],"curies":[{"name":"wp","href":"https:\/\/api.w.org\/{rel}","templated":true}]}}