{"id":2575,"date":"2024-10-15T18:12:46","date_gmt":"2024-10-15T11:12:46","guid":{"rendered":"https:\/\/sis-vi.com\/?post_type=product&#038;p=2575"},"modified":"2024-10-15T18:14:15","modified_gmt":"2024-10-15T11:14:15","slug":"bo-dieu-ap-ar-d","status":"publish","type":"product","link":"https:\/\/sis-vi.com\/en\/product\/bo-dieu-ap-ar-d\/","title":{"rendered":"B\u1ed9 \u0111i\u1ec1u \u00e1p AR-D"},"content":{"rendered":"<p><img fetchpriority=\"high\" decoding=\"async\" class=\"wp-image-2577 alignleft\" src=\"https:\/\/sis-vi.com\/wp-content\/uploads\/2024\/10\/AR30-03-300x281.jpg\" alt=\"\" width=\"321\" height=\"301\" srcset=\"https:\/\/sis-vi.com\/wp-content\/uploads\/2024\/10\/AR30-03-300x281.jpg 300w, https:\/\/sis-vi.com\/wp-content\/uploads\/2024\/10\/AR30-03-13x12.jpg 13w, https:\/\/sis-vi.com\/wp-content\/uploads\/2024\/10\/AR30-03-600x562.jpg 600w, https:\/\/sis-vi.com\/wp-content\/uploads\/2024\/10\/AR30-03.jpg 635w\" sizes=\"(max-width: 321px) 100vw, 321px\" \/>\u30fbD\u1ec5 d\u00e0ng x\u1eed l\u00fd<br \/>\nD\u1ec5 d\u00e0ng gi\u1eef khi m\u1edf kh\u00f3a<br \/>\n\u30fbL\u1ef1a ch\u1ecdn \u0111\u1ed3ng h\u1ed3 \u0111o \u00e1p su\u1ea5t<br \/>\n\u0110\u1ed3ng h\u1ed3 \u0111o \u00e1p su\u1ea5t lo\u1ea1i nh\u00fang vu\u00f4ng, \u0110\u1ed3ng h\u1ed3 \u0111o \u00e1p su\u1ea5t lo\u1ea1i tr\u00f2n,<br \/>\nC\u00f4ng t\u1eafc \u00e1p su\u1ea5t k\u1ef9 thu\u1eadt s\u1ed1<br \/>\n\u30fbKh\u1ea3 n\u0103ng ho\u00e1n \u0111\u1ed5i cho nhau \u0111\u01b0\u1ee3c duy tr\u00ec.<br \/>\nCao \u0111\u1ed9 l\u1eafp \u0111\u1eb7t \u0111\u1ec3 g\u1eafn b\u1ea3ng \u0111i\u1ec1u khi\u1ec3n c\u00f3 th\u1ec3 ho\u00e1n \u0111\u1ed5i cho nhau v\u1edbi AR (K) -B.<br \/>\nGi\u00e1 \u0111\u1ee1 v\u00e0 \u0111ai \u1ed1c \u0111\u1eb7t gi\u1ed1ng nhau cho c\u1ea3 s\u1ea3n ph\u1ea9m hi\u1ec7n c\u00f3 v\u00e0 s\u1ea3n ph\u1ea9m m\u1edbi.<\/p>","protected":false},"excerpt":{"rendered":"<p>\u30fbD\u1ec5 d\u00e0ng x\u1eed l\u00fd D\u1ec5 d\u00e0ng gi\u1eef khi m\u1edf kh\u00f3a \u30fbL\u1ef1a ch\u1ecdn \u0111\u1ed3ng h\u1ed3 \u0111o \u00e1p su\u1ea5t \u0110\u1ed3ng h\u1ed3 \u0111o \u00e1p su\u1ea5t lo\u1ea1i nh\u00fang vu\u00f4ng, \u0110\u1ed3ng h\u1ed3 \u0111o \u00e1p su\u1ea5t lo\u1ea1i tr\u00f2n, C\u00f4ng t\u1eafc \u00e1p su\u1ea5t k\u1ef9 thu\u1eadt s\u1ed1 \u30fbKh\u1ea3 &hellip;<\/p>","protected":false},"featured_media":2577,"comment_status":"open","ping_status":"closed","template":"","meta":[],"product_cat":[42],"product_tag":[174,175,176],"class_list":{"0":"post-2575","1":"product","2":"type-product","3":"status-publish","4":"has-post-thumbnail","6":"product_cat-smc","7":"product_tag-bo-dieu-ap","8":"product_tag-dieu-ap-khi-nen","9":"product_tag-dieu-ap-smc","11":"first","12":"instock","13":"shipping-taxable","14":"product-type-simple"},"_links":{"self":[{"href":"https:\/\/sis-vi.com\/en\/wp-json\/wp\/v2\/product\/2575","targetHints":{"allow":["GET"]}}],"collection":[{"href":"https:\/\/sis-vi.com\/en\/wp-json\/wp\/v2\/product"}],"about":[{"href":"https:\/\/sis-vi.com\/en\/wp-json\/wp\/v2\/types\/product"}],"replies":[{"embeddable":true,"href":"https:\/\/sis-vi.com\/en\/wp-json\/wp\/v2\/comments?post=2575"}],"wp:featuredmedia":[{"embeddable":true,"href":"https:\/\/sis-vi.com\/en\/wp-json\/wp\/v2\/media\/2577"}],"wp:attachment":[{"href":"https:\/\/sis-vi.com\/en\/wp-json\/wp\/v2\/media?parent=2575"}],"wp:term":[{"taxonomy":"product_cat","embeddable":true,"href":"https:\/\/sis-vi.com\/en\/wp-json\/wp\/v2\/product_cat?post=2575"},{"taxonomy":"product_tag","embeddable":true,"href":"https:\/\/sis-vi.com\/en\/wp-json\/wp\/v2\/product_tag?post=2575"}],"curies":[{"name":"wp","href":"https:\/\/api.w.org\/{rel}","templated":true}]}}